{"id":67,"date":"2020-02-04T15:56:09","date_gmt":"2020-02-04T15:56:09","guid":{"rendered":"http:\/\/forrajeraelizondo.com\/?page_id=67"},"modified":"2020-05-27T14:19:55","modified_gmt":"2020-05-27T14:19:55","slug":"alimentos-balanceados","status":"publish","type":"page","link":"https:\/\/forrajeraelizondo.com\/index.php\/alimentos-balanceados\/","title":{"rendered":"Alimentos Balanceados"},"content":{"rendered":"<p>[vc_row][vc_column]\n\t\t\t<!-- START Alimentos Balanceados REVOLUTION SLIDER 6.2.23 --><p class=\"rs-p-wp-fix\"><\/p>\n\t\t\t<rs-module-wrap id=\"rev_slider_2_1_wrapper\" data-source=\"gallery\" style=\"background:transparent;padding:0;margin:0px auto;margin-top:0;margin-bottom:0;\">\n\t\t\t\t<rs-module id=\"rev_slider_2_1\" style=\"\" data-version=\"6.2.23\">\n\t\t\t\t\t<rs-slides>\n\t\t\t\t\t\t<rs-slide data-key=\"rs-159\" data-title=\"Slide\" data-thumb=\"\/\/forrajeraelizondo.com\/wp-content\/uploads\/2020\/02\/Alimentos-Balanceados-F14-100x50.jpg\" data-anim=\"ei:d;eo:d;s:1000;r:0;t:fade;sl:0;\">\n\t\t\t\t\t\t\t<img src=\"\/\/forrajeraelizondo.com\/wp-content\/uploads\/2020\/02\/Alimentos-Balanceados-F14.jpg\" title=\"Alimentos Balanceados\" data-bg=\"f:contain;\" class=\"rev-slidebg\" data-no-retina>\n<!---->\t\t\t\t\t\t<\/rs-slide>\n\t\t\t\t\t\t<rs-slide data-key=\"rs-146\" data-title=\"Slide\" data-thumb=\"\/\/forrajeraelizondo.com\/wp-content\/uploads\/2020\/02\/Alimentos-Balanceados-F01-100x50.jpg\" data-anim=\"ei:d;eo:d;s:1000;r:0;t:fade;sl:0;\">\n\t\t\t\t\t\t\t<img src=\"\/\/forrajeraelizondo.com\/wp-content\/uploads\/2020\/02\/Alimentos-Balanceados-F01.jpg\" title=\"Alimentos Balanceados\" data-bg=\"f:contain;\" class=\"rev-slidebg\" data-no-retina>\n<!---->\t\t\t\t\t\t<\/rs-slide>\n\t\t\t\t\t\t<rs-slide data-key=\"rs-147\" data-title=\"Slide\" data-thumb=\"\/\/forrajeraelizondo.com\/wp-content\/uploads\/2020\/02\/Alimentos-Balanceados-F02-100x50.jpg\" data-anim=\"ei:d;eo:d;s:1000;r:0;t:fade;sl:0;\">\n\t\t\t\t\t\t\t<img src=\"\/\/forrajeraelizondo.com\/wp-content\/uploads\/2020\/02\/Alimentos-Balanceados-F02.jpg\" title=\"Alimentos Balanceados\" data-bg=\"f:contain;\" class=\"rev-slidebg\" data-no-retina>\n<!---->\t\t\t\t\t\t<\/rs-slide>\n\t\t\t\t\t\t<rs-slide data-key=\"rs-148\" data-title=\"Slide\" data-thumb=\"\/\/forrajeraelizondo.com\/wp-content\/uploads\/2020\/02\/Alimentos-Balanceados-F03-100x50.jpg\" data-anim=\"ei:d;eo:d;s:1000;r:0;t:fade;sl:0;\">\n\t\t\t\t\t\t\t<img src=\"\/\/forrajeraelizondo.com\/wp-content\/uploads\/2020\/02\/Alimentos-Balanceados-F03.jpg\" title=\"Alimentos Balanceados\" data-bg=\"f:contain;\" class=\"rev-slidebg\" data-no-retina>\n<!---->\t\t\t\t\t\t<\/rs-slide>\n\t\t\t\t\t\t<rs-slide data-key=\"rs-149\" data-title=\"Slide\" data-thumb=\"\/\/forrajeraelizondo.com\/wp-content\/uploads\/2020\/02\/Alimentos-Balanceados-F04-100x50.jpg\" data-anim=\"ei:d;eo:d;s:1000;r:0;t:fade;sl:0;\">\n\t\t\t\t\t\t\t<img src=\"\/\/forrajeraelizondo.com\/wp-content\/uploads\/2020\/02\/Alimentos-Balanceados-F04.jpg\" title=\"Alimentos Balanceados\" data-bg=\"f:contain;\" class=\"rev-slidebg\" data-no-retina>\n<!---->\t\t\t\t\t\t<\/rs-slide>\n\t\t\t\t\t\t<rs-slide data-key=\"rs-150\" data-title=\"Slide\" data-thumb=\"\/\/forrajeraelizondo.com\/wp-content\/uploads\/2020\/02\/Alimentos-Balanceados-F05-100x50.jpg\" data-anim=\"ei:d;eo:d;s:1000;r:0;t:fade;sl:0;\">\n\t\t\t\t\t\t\t<img src=\"\/\/forrajeraelizondo.com\/wp-content\/uploads\/2020\/02\/Alimentos-Balanceados-F05.jpg\" title=\"Alimentos Balanceados\" data-bg=\"f:contain;\" class=\"rev-slidebg\" data-no-retina>\n<!---->\t\t\t\t\t\t<\/rs-slide>\n\t\t\t\t\t\t<rs-slide data-key=\"rs-151\" data-title=\"Slide\" data-thumb=\"\/\/forrajeraelizondo.com\/wp-content\/uploads\/2020\/02\/Alimentos-Balanceados-F06-100x50.jpg\" data-anim=\"ei:d;eo:d;s:1000;r:0;t:fade;sl:0;\">\n\t\t\t\t\t\t\t<img src=\"\/\/forrajeraelizondo.com\/wp-content\/uploads\/2020\/02\/Alimentos-Balanceados-F06.jpg\" title=\"Alimentos Balanceados\" data-bg=\"f:contain;\" class=\"rev-slidebg\" data-no-retina>\n<!---->\t\t\t\t\t\t<\/rs-slide>\n\t\t\t\t\t\t<rs-slide data-key=\"rs-153\" data-title=\"Slide\" data-thumb=\"\/\/forrajeraelizondo.com\/wp-content\/uploads\/2020\/02\/Alimentos-Balanceados-F08-100x50.jpg\" data-anim=\"ei:d;eo:d;s:1000;r:0;t:fade;sl:0;\">\n\t\t\t\t\t\t\t<img src=\"\/\/forrajeraelizondo.com\/wp-content\/uploads\/2020\/02\/Alimentos-Balanceados-F08.jpg\" title=\"Alimentos Balanceados\" data-bg=\"f:contain;\" class=\"rev-slidebg\" data-no-retina>\n<!---->\t\t\t\t\t\t<\/rs-slide>\n\t\t\t\t\t\t<rs-slide data-key=\"rs-158\" data-title=\"Slide\" data-thumb=\"\/\/forrajeraelizondo.com\/wp-content\/uploads\/2020\/02\/Alimentos-Balanceados-F13-100x50.jpg\" data-anim=\"ei:d;eo:d;s:1000;r:0;t:fade;sl:0;\">\n\t\t\t\t\t\t\t<img src=\"\/\/forrajeraelizondo.com\/wp-content\/uploads\/2020\/02\/Alimentos-Balanceados-F13.jpg\" title=\"Alimentos Balanceados\" data-bg=\"f:contain;\" class=\"rev-slidebg\" data-no-retina>\n<!---->\t\t\t\t\t\t<\/rs-slide>\n\t\t\t\t\t\t<rs-slide data-key=\"rs-183\" data-title=\"Slide\" data-thumb=\"\/\/forrajeraelizondo.com\/wp-content\/uploads\/2020\/02\/Alimentos-Balanceados-F22-100x50.jpg\" data-anim=\"ei:d;eo:d;s:1000;r:0;t:fade;sl:0;\">\n\t\t\t\t\t\t\t<img src=\"\/\/forrajeraelizondo.com\/wp-content\/uploads\/2020\/02\/Alimentos-Balanceados-F22.jpg\" title=\"Alimentos Balanceados\" data-bg=\"f:contain;\" class=\"rev-slidebg\" data-no-retina>\n<!---->\t\t\t\t\t\t<\/rs-slide>\n\t\t\t\t\t\t<rs-slide data-key=\"rs-184\" data-title=\"Slide\" data-thumb=\"\/\/forrajeraelizondo.com\/wp-content\/uploads\/2020\/02\/Alimentos-Balanceados-F23-100x50.jpg\" data-anim=\"ei:d;eo:d;s:1000;r:0;t:fade;sl:0;\">\n\t\t\t\t\t\t\t<img src=\"\/\/forrajeraelizondo.com\/wp-content\/uploads\/2020\/02\/Alimentos-Balanceados-F23.jpg\" title=\"Alimentos Balanceados\" data-bg=\"f:contain;\" class=\"rev-slidebg\" data-no-retina>\n<!---->\t\t\t\t\t\t<\/rs-slide>\n\t\t\t\t\t\t<rs-slide data-key=\"rs-185\" data-title=\"Slide\" data-thumb=\"\/\/forrajeraelizondo.com\/wp-content\/uploads\/2020\/02\/Alimentos-Balanceados-F24-100x50.jpg\" data-anim=\"ei:d;eo:d;s:1000;r:0;t:fade;sl:0;\">\n\t\t\t\t\t\t\t<img src=\"\/\/forrajeraelizondo.com\/wp-content\/uploads\/2020\/02\/Alimentos-Balanceados-F24.jpg\" title=\"Alimentos Balanceados\" data-bg=\"f:contain;\" class=\"rev-slidebg\" data-no-retina>\n<!---->\t\t\t\t\t\t<\/rs-slide>\n\t\t\t\t\t\t<rs-slide data-key=\"rs-182\" data-title=\"Slide\" data-thumb=\"\/\/forrajeraelizondo.com\/wp-content\/uploads\/2020\/02\/Alimentos-Balanceados-F21-100x50.jpg\" data-anim=\"ei:d;eo:d;s:1000;r:0;t:fade;sl:0;\">\n\t\t\t\t\t\t\t<img src=\"\/\/forrajeraelizondo.com\/wp-content\/uploads\/2020\/02\/Alimentos-Balanceados-F21.jpg\" title=\"Alimentos Balanceados\" data-bg=\"f:contain;\" class=\"rev-slidebg\" data-no-retina>\n<!---->\t\t\t\t\t\t<\/rs-slide>\n\t\t\t\t\t\t<rs-slide data-key=\"rs-161\" data-title=\"Slide\" data-thumb=\"\/\/forrajeraelizondo.com\/wp-content\/uploads\/2020\/02\/Alimentos-Balanceados-F16-100x50.jpg\" data-anim=\"ei:d;eo:d;s:1000;r:0;t:fade;sl:0;\">\n\t\t\t\t\t\t\t<img src=\"\/\/forrajeraelizondo.com\/wp-content\/uploads\/2020\/02\/Alimentos-Balanceados-F16.jpg\" title=\"Alimentos Balanceados\" data-bg=\"f:contain;\" class=\"rev-slidebg\" data-no-retina>\n<!---->\t\t\t\t\t\t<\/rs-slide>\n\t\t\t\t\t\t<rs-slide data-key=\"rs-162\" data-title=\"Slide\" data-thumb=\"\/\/forrajeraelizondo.com\/wp-content\/uploads\/2020\/02\/Alimentos-Balanceados-F17-100x50.jpg\" data-anim=\"ei:d;eo:d;s:1000;r:0;t:fade;sl:0;\">\n\t\t\t\t\t\t\t<img src=\"\/\/forrajeraelizondo.com\/wp-content\/uploads\/2020\/02\/Alimentos-Balanceados-F17.jpg\" title=\"Alimentos Balanceados\" data-bg=\"f:contain;\" class=\"rev-slidebg\" data-no-retina>\n<!---->\t\t\t\t\t\t<\/rs-slide>\n\t\t\t\t\t\t<rs-slide data-key=\"rs-163\" data-title=\"Slide\" data-thumb=\"\/\/forrajeraelizondo.com\/wp-content\/uploads\/2020\/02\/Alimentos-Balanceados-F18-100x50.jpg\" data-anim=\"ei:d;eo:d;s:1000;r:0;t:fade;sl:0;\">\n\t\t\t\t\t\t\t<img src=\"\/\/forrajeraelizondo.com\/wp-content\/uploads\/2020\/02\/Alimentos-Balanceados-F18.jpg\" title=\"Alimentos Balanceados\" data-bg=\"f:contain;\" class=\"rev-slidebg\" data-no-retina>\n<!---->\t\t\t\t\t\t<\/rs-slide>\n\t\t\t\t\t\t<rs-slide data-key=\"rs-164\" data-title=\"Slide\" data-thumb=\"\/\/forrajeraelizondo.com\/wp-content\/uploads\/2020\/02\/Alimentos-Balanceados-F19-100x50.jpg\" data-anim=\"ei:d;eo:d;s:1000;r:0;t:fade;sl:0;\">\n\t\t\t\t\t\t\t<img src=\"\/\/forrajeraelizondo.com\/wp-content\/uploads\/2020\/02\/Alimentos-Balanceados-F19.jpg\" title=\"Alimentos Balanceados\" data-bg=\"f:contain;\" class=\"rev-slidebg\" data-no-retina>\n<!---->\t\t\t\t\t\t<\/rs-slide>\n\t\t\t\t\t\t<rs-slide data-key=\"rs-160\" data-title=\"Slide\" data-thumb=\"\/\/forrajeraelizondo.com\/wp-content\/uploads\/2020\/02\/Alimentos-Balanceados-F15-100x50.jpg\" data-anim=\"ei:d;eo:d;s:1000;r:0;t:fade;sl:0;\">\n\t\t\t\t\t\t\t<img src=\"\/\/forrajeraelizondo.com\/wp-content\/uploads\/2020\/02\/Alimentos-Balanceados-F15.jpg\" alt=\"Alimentos-Balanceados-F15\" title=\"Alimentos Balanceados\" data-bg=\"f:contain;\" class=\"rev-slidebg\" data-no-retina>\n<!---->\t\t\t\t\t\t<\/rs-slide>\n\t\t\t\t\t\t<rs-slide data-key=\"rs-292\" data-title=\"Slide\" data-thumb=\"\/\/forrajeraelizondo.com\/wp-content\/uploads\/2020\/05\/CERDOS3-1-100x50.png\" data-anim=\"ei:d;eo:d;s:1000;r:0;t:fade;sl:0;\">\n\t\t\t\t\t\t\t<img src=\"\/\/forrajeraelizondo.com\/wp-content\/uploads\/2020\/05\/CERDOS3-1.png\" title=\"Alimentos Balanceados\" data-bg=\"f:contain;\" class=\"rev-slidebg\" data-no-retina>\n<!---->\t\t\t\t\t\t<\/rs-slide>\n\t\t\t\t\t\t<rs-slide data-key=\"rs-294\" data-title=\"Slide\" data-thumb=\"\/\/forrajeraelizondo.com\/wp-content\/uploads\/2020\/05\/Borrego1-100x50.png\" data-anim=\"ei:d;eo:d;s:1000;r:0;t:fade;sl:0;\">\n\t\t\t\t\t\t\t<img src=\"\/\/forrajeraelizondo.com\/wp-content\/uploads\/2020\/05\/Borrego1.png\" title=\"Alimentos Balanceados\" data-bg=\"f:contain;\" class=\"rev-slidebg\" data-no-retina>\n<!---->\t\t\t\t\t\t<\/rs-slide>\n\t\t\t\t\t\t<rs-slide data-key=\"rs-295\" data-title=\"Slide\" data-thumb=\"\/\/forrajeraelizondo.com\/wp-content\/uploads\/2020\/05\/CABRA2-2-100x50.png\" data-anim=\"ei:d;eo:d;s:1000;r:0;t:fade;sl:0;\">\n\t\t\t\t\t\t\t<img src=\"\/\/forrajeraelizondo.com\/wp-content\/uploads\/2020\/05\/CABRA2-2.png\" title=\"Alimentos Balanceados\" data-bg=\"f:contain;\" class=\"rev-slidebg\" data-no-retina>\n<!---->\t\t\t\t\t\t<\/rs-slide>\n\t\t\t\t\t\t<rs-slide data-key=\"rs-296\" data-title=\"Slide\" data-thumb=\"\/\/forrajeraelizondo.com\/wp-content\/uploads\/2020\/05\/CERDO1-100x50.png\" data-anim=\"ei:d;eo:d;s:1000;r:0;t:fade;sl:0;\">\n\t\t\t\t\t\t\t<img src=\"\/\/forrajeraelizondo.com\/wp-content\/uploads\/2020\/05\/CERDO1.png\" title=\"Alimentos Balanceados\" data-bg=\"f:contain;\" class=\"rev-slidebg\" data-no-retina>\n<!---->\t\t\t\t\t\t<\/rs-slide>\n\t\t\t\t\t<\/rs-slides>\n\t\t\t\t\t<rs-static-layers><!--\n\t\t\t\t\t--><\/rs-static-layers>\n\t\t\t\t<\/rs-module>\n\t\t\t\t<script type=\"text\/javascript\">\n\t\t\t\t\tsetREVStartSize({c: 'rev_slider_2_1',rl:[1240,1024,778,480],el:[200],gw:[850],gh:[200],type:'standard',justify:'',layout:'fullwidth',mh:\"0\"});\n\t\t\t\t\tvar\trevapi2,\n\t\t\t\t\t\ttpj;\n\t\t\t\t\tfunction revinit_revslider21() {\n\t\t\t\t\tjQuery(function() {\n\t\t\t\t\t\ttpj = jQuery;\n\t\t\t\t\t\trevapi2 = tpj(\"#rev_slider_2_1\");\n\t\t\t\t\t\tif(revapi2==undefined || revapi2.revolution == undefined){\n\t\t\t\t\t\t\trevslider_showDoubleJqueryError(\"rev_slider_2_1\");\n\t\t\t\t\t\t}else{\n\t\t\t\t\t\t\trevapi2.revolution({\n\t\t\t\t\t\t\t\tsliderLayout:\"fullwidth\",\n\t\t\t\t\t\t\t\tvisibilityLevels:\"1240,1024,778,480\",\n\t\t\t\t\t\t\t\tgridwidth:850,\n\t\t\t\t\t\t\t\tgridheight:200,\n\t\t\t\t\t\t\t\tautoHeight:true,\n\t\t\t\t\t\t\t\tspinner:\"spinner0\",\n\t\t\t\t\t\t\t\tperspectiveType:\"local\",\n\t\t\t\t\t\t\t\teditorheight:\"200,768,960,720\",\n\t\t\t\t\t\t\t\tresponsiveLevels:\"1240,1024,778,480\",\n\t\t\t\t\t\t\t\tprogressBar: {\n\t\t\t\t\t\t\t\t\tcolor:\"rgba(0,0,0,0.15)\",\n\t\t\t\t\t\t\t\t\tvertical:\"top\",\n\t\t\t\t\t\t\t\t\tsize:5\n\t\t\t\t\t\t\t\t},\n\t\t\t\t\t\t\t\tnavigation: {\n\t\t\t\t\t\t\t\t\tmouseScrollNavigation:false,\n\t\t\t\t\t\t\t\t\tonHoverStop:false,\n\t\t\t\t\t\t\t\t\tarrows: {\n\t\t\t\t\t\t\t\t\t\tenable:true,\n\t\t\t\t\t\t\t\t\t\tstyle:\"hesperiden\",\n\t\t\t\t\t\t\t\t\t\thide_onleave:true,\n\t\t\t\t\t\t\t\t\t\tleft: {\n\n\t\t\t\t\t\t\t\t\t\t},\n\t\t\t\t\t\t\t\t\t\tright: {\n\n\t\t\t\t\t\t\t\t\t\t}\n\t\t\t\t\t\t\t\t\t}\n\t\t\t\t\t\t\t\t},\n\t\t\t\t\t\t\t\tfallbacks: {\n\t\t\t\t\t\t\t\t\tallowHTML5AutoPlayOnAndroid:true\n\t\t\t\t\t\t\t\t},\n\t\t\t\t\t\t\t});\n\t\t\t\t\t\t}\n\t\t\t\t\t\t\n\t\t\t\t\t});\n\t\t\t\t\t} \/\/ End of RevInitScript\n\t\t\t\tvar once_revslider21 = false;\n\t\t\t\tif (document.readyState === \"loading\") {document.addEventListener('readystatechange',function() { if((document.readyState === \"interactive\" || document.readyState === \"complete\") && !once_revslider21 ) { once_revslider21 = true; revinit_revslider21();}});} else {once_revslider21 = true; revinit_revslider21();}\n\t\t\t\t<\/script>\n\t\t\t\t<script>\n\t\t\t\t\tvar htmlDivCss = unescape(\"%23rev_slider_2_1_wrapper%20.hesperiden.tparrows%20%7B%0A%09cursor%3Apointer%3B%0A%09background%3Argba%280%2C0%2C0%2C0.5%29%3B%0A%09width%3A40px%3B%0A%09height%3A40px%3B%0A%09position%3Aabsolute%3B%0A%09display%3Ablock%3B%0A%09z-index%3A1000%3B%0A%20%20%20%20border-radius%3A%2050%25%3B%0A%7D%0A%23rev_slider_2_1_wrapper%20.hesperiden.tparrows%3Ahover%20%7B%0A%09background%3A%23000000%3B%0A%7D%0A%23rev_slider_2_1_wrapper%20.hesperiden.tparrows%3Abefore%20%7B%0A%09font-family%3A%20%27revicons%27%3B%0A%09font-size%3A20px%3B%0A%09color%3A%23ffffff%3B%0A%09display%3Ablock%3B%0A%09line-height%3A%2040px%3B%0A%09text-align%3A%20center%3B%0A%7D%0A%23rev_slider_2_1_wrapper%20.hesperiden.tparrows.tp-leftarrow%3Abefore%20%7B%0A%09content%3A%20%27%5Ce82c%27%3B%0A%20%20%20%20margin-left%3A-3px%3B%0A%7D%0A%23rev_slider_2_1_wrapper%20.hesperiden.tparrows.tp-rightarrow%3Abefore%20%7B%0A%09content%3A%20%27%5Ce82d%27%3B%0A%20%20%20%20margin-right%3A-3px%3B%0A%7D%0A\");\n\t\t\t\t\tvar htmlDiv = document.getElementById('rs-plugin-settings-inline-css');\n\t\t\t\t\tif(htmlDiv) {\n\t\t\t\t\t\thtmlDiv.innerHTML = htmlDiv.innerHTML + htmlDivCss;\n\t\t\t\t\t}else{\n\t\t\t\t\t\tvar htmlDiv = document.createElement('div');\n\t\t\t\t\t\thtmlDiv.innerHTML = '<style>' + htmlDivCss + '<\/style>';\n\t\t\t\t\t\tdocument.getElementsByTagName('head')[0].appendChild(htmlDiv.childNodes[0]);\n\t\t\t\t\t}\n\t\t\t\t<\/script>\n\t\t\t\t<script>\n\t\t\t\t\tvar htmlDivCss = unescape(\"%0A%0A%0A%0A%0A%0A%0A%0A%0A%0A%0A%0A%0A%0A%0A%0A%0A%0A%0A%0A%0A%0A\");\n\t\t\t\t\tvar htmlDiv = document.getElementById('rs-plugin-settings-inline-css');\n\t\t\t\t\tif(htmlDiv) {\n\t\t\t\t\t\thtmlDiv.innerHTML = htmlDiv.innerHTML + htmlDivCss;\n\t\t\t\t\t}else{\n\t\t\t\t\t\tvar htmlDiv = document.createElement('div');\n\t\t\t\t\t\thtmlDiv.innerHTML = '<style>' + htmlDivCss + '<\/style>';\n\t\t\t\t\t\tdocument.getElementsByTagName('head')[0].appendChild(htmlDiv.childNodes[0]);\n\t\t\t\t\t}\n\t\t\t\t<\/script>\n\t\t\t<\/rs-module-wrap>\n\t\t\t<!-- END REVOLUTION SLIDER -->\n[\/vc_column][\/vc_row][vc_row][vc_column width=&#8221;3\/4&#8243;][vc_column_text]<\/p>\n<h2><strong>Alimentos Balanceados<\/strong><\/h2>\n<ul>\n<li>Necesita lograr una mayor conversi\u00f3n entre los kilos de alimento y los kilos de carne producida por su ganado.<\/li>\n<li>Desear\u00eda tener una mayor rentabilidad en sus alimentos balanceados.<\/li>\n<li>Se termin\u00f3 el forraje de su agostadero.<\/li>\n<li>Le gustar\u00eda ver a sus animales gordos y saludables.<\/li>\n<li>Necesita aumentar los kilos al destete.<\/li>\n<li>Le gustar\u00eda mejorar la presentaci\u00f3n de sus animales de registro para las exposiciones.<\/li>\n<\/ul>\n<p>[\/vc_column_text][vc_empty_space height=&#8221;30px&#8221;]<div class=\" ubtn-ctn-left radio\"><button type=\"button\" id=\"ubtn-8590\"  class=\"ubtn ult-adjust-bottom-margin ult-responsive ubtn-block ubtn-no-hover-bg  none  ubtn-left radio  tooltip-69f3b1a1d7547\"  data-hover=\"\" data-border-color=\"\" data-bg=\"#d8b300\" data-hover-bg=\"\" data-border-hover=\"\" data-shadow-hover=\"\" data-shadow-click=\"none\" data-shadow=\"\" data-shd-shadow=\"\"  data-ultimate-target='#ubtn-8590'  data-responsive-json-new='{\"font-size\":\"desktop:20px;\",\"line-height\":\"\"}'  style=\"font-weight:normal;border:none;background: #d8b300;color: #ffffff;\"><span class=\"ubtn-hover\" style=\"background-color:\"><\/span><span class=\"ubtn-data ubtn-text \" >En Forrajera Elizondo estamos para servirle<\/span><\/button><\/div>[vc_row_inner][vc_column_inner width=&#8221;1\/4&#8243;][vc_btn title=&#8221;LL\u00c1MANOS&#8221; i_icon_fontawesome=&#8221;fas fa-phone-alt&#8221; add_icon=&#8221;true&#8221; link=&#8221;url:tel%3A%228183862197%22|||&#8221;][\/vc_column_inner][vc_column_inner width=&#8221;1\/4&#8243;][vc_btn title=&#8221;CONT\u00c1CTANOS&#8221; i_icon_fontawesome=&#8221;fas fa-envelope&#8221; add_icon=&#8221;true&#8221; link=&#8221;url:http%3A%2F%2Fforrajeraelizondo.com%2Findex.php%2Fcontacto%2F|title:Contacto||&#8221;][\/vc_column_inner][vc_column_inner width=&#8221;1\/4&#8243;][vc_btn title=&#8221;PREGUNTAS&#8221; i_icon_fontawesome=&#8221;fas fa-question-circle&#8221; add_icon=&#8221;true&#8221; link=&#8221;url:http%3A%2F%2Fforrajeraelizondo.com%2Findex.php%2Ffaqs-alimentos-balanceados%2F|title:FAQS%20Alimentos%20Balanceados||&#8221;][\/vc_column_inner][\/vc_row_inner][\/vc_column][vc_column width=&#8221;1\/4&#8243;][vc_empty_space][vc_single_image image=&#8221;142&#8243; img_size=&#8221;full&#8221;][\/vc_column][\/vc_row][vc_row][vc_column]<div class=\"dt-fancy-separator h2-size\" style=\"width: 100%;\"><div class=\"dt-fancy-title\" style=\"color: #0c0c0c;\"><span class=\"separator-holder separator-left\"><\/span>Nuestros Productos<span class=\"separator-holder separator-right\"><\/span><\/div><\/div>[\/vc_column][\/vc_row][vc_row][vc_column width=&#8221;1\/4&#8243;][vc_single_image image=&#8221;597&#8243; img_size=&#8221;full&#8221; alignment=&#8221;center&#8221; onclick=&#8221;custom_link&#8221; link=&#8221;http:\/\/forrajeraelizondo.com\/index.php\/alimentos-balanceados\/&#8221;][vc_column_text]<\/p>\n<h4 style=\"text-align: center;\">Materias Primas<\/h4>\n<p>[\/vc_column_text][\/vc_column][vc_column width=&#8221;1\/4&#8243;][vc_single_image image=&#8221;610&#8243; img_size=&#8221;full&#8221; alignment=&#8221;center&#8221; onclick=&#8221;custom_link&#8221; link=&#8221;http:\/\/forrajeraelizondo.com\/index.php\/alimentos-sub-menu\/&#8221;][vc_column_text]<\/p>\n<h4 style=\"text-align: center;\"><a href=\"http:\/\/forrajeraelizondo.com\/index.php\/alimentos-sub-menu\/\"><strong>Alimentos<\/strong><\/a><\/h4>\n<p>[\/vc_column_text][\/vc_column][vc_column width=&#8221;1\/4&#8243;][vc_single_image image=&#8221;609&#8243; img_size=&#8221;full&#8221; alignment=&#8221;center&#8221; onclick=&#8221;custom_link&#8221; link=&#8221;http:\/\/forrajeraelizondo.com\/index.php\/mascotas\/&#8221;][vc_column_text]<\/p>\n<h4 style=\"text-align: center;\"><a href=\"http:\/\/forrajeraelizondo.com\/index.php\/mascotas\/\">Mascotas<\/a><\/h4>\n<p>[\/vc_column_text][\/vc_column][vc_column width=&#8221;1\/4&#8243;][vc_single_image image=&#8221;591&#8243; img_size=&#8221;full&#8221; alignment=&#8221;center&#8221; onclick=&#8221;custom_link&#8221; link=&#8221;http:\/\/forrajeraelizondo.com\/index.php\/semillas-agricolas\/&#8221;][vc_column_text]<\/p>\n<h4 style=\"text-align: center;\"><a href=\"http:\/\/forrajeraelizondo.com\/index.php\/semillas-agricolas\/\">Semillas<\/a><\/h4>\n<p>[\/vc_column_text][\/vc_column][\/vc_row][vc_row][vc_column][vc_empty_space][\/vc_column][\/vc_row][vc_row][vc_column width=&#8221;1\/4&#8243;][vc_single_image image=&#8221;592&#8243; img_size=&#8221;full&#8221; alignment=&#8221;center&#8221; onclick=&#8221;custom_link&#8221; link=&#8221;http:\/\/forrajeraelizondo.com\/index.php\/fertilizantes-agricolas\/&#8221;][vc_column_text]<\/p>\n<h4 style=\"text-align: center;\"><a href=\"http:\/\/forrajeraelizondo.com\/index.php\/fertilizantes-agricolas\/\">Fertilizantes<\/a><\/h4>\n<p>[\/vc_column_text][\/vc_column][vc_column width=&#8221;1\/4&#8243;][vc_single_image image=&#8221;593&#8243; img_size=&#8221;full&#8221; alignment=&#8221;center&#8221; onclick=&#8221;custom_link&#8221; link=&#8221;http:\/\/forrajeraelizondo.com\/index.php\/plagicidas-agricolas\/&#8221;][vc_column_text]<\/p>\n<h4 style=\"text-align: center;\"><a href=\"http:\/\/forrajeraelizondo.com\/index.php\/plagicidas-agricolas\/\">Plagicidas<\/a><\/h4>\n<p>[\/vc_column_text][\/vc_column][vc_column width=&#8221;1\/4&#8243;][vc_single_image image=&#8221;594&#8243; img_size=&#8221;full&#8221; alignment=&#8221;center&#8221; onclick=&#8221;custom_link&#8221; link=&#8221;http:\/\/forrajeraelizondo.com\/index.php\/articulos-para-caballo\/&#8221;][vc_column_text]<\/p>\n<h4 style=\"text-align: center;\"><a href=\"http:\/\/forrajeraelizondo.com\/index.php\/farmacia-veterinaria\/\">Farmacia<\/a><\/h4>\n<p>[\/vc_column_text][\/vc_column][vc_column width=&#8221;1\/4&#8243;][vc_single_image image=&#8221;608&#8243; img_size=&#8221;full&#8221; alignment=&#8221;center&#8221; onclick=&#8221;custom_link&#8221; link=&#8221;http:\/\/forrajeraelizondo.com\/index.php\/articulos-para-caballo\/&#8221;][vc_column_text]<\/p>\n<h4 style=\"text-align: center;\"><a href=\"http:\/\/forrajeraelizondo.com\/index.php\/articulos-para-caballo\/\">Accesorios<\/a><\/h4>\n<p>[\/vc_column_text][\/vc_column][\/vc_row]<\/p>\n","protected":false},"excerpt":{"rendered":"<p>[vc_row][vc_column][\/vc_column][\/vc_row][vc_row][vc_column width=&#8221;3\/4&#8243;][vc_column_text] Alimentos Balanceados Necesita lograr una mayor conversi\u00f3n entre los kilos de alimento y los kilos de carne producida por su ganado. Desear\u00eda tener una mayor rentabilidad en sus alimentos balanceados. Se termin\u00f3 el forraje de su agostadero. Le gustar\u00eda ver a sus animales gordos y saludables. Necesita aumentar los kilos al destete. Le&hellip;<\/p>\n","protected":false},"author":1,"featured_media":0,"parent":0,"menu_order":0,"comment_status":"closed","ping_status":"closed","template":"","meta":[],"_links":{"self":[{"href":"https:\/\/forrajeraelizondo.com\/index.php\/wp-json\/wp\/v2\/pages\/67"}],"collection":[{"href":"https:\/\/forrajeraelizondo.com\/index.php\/wp-json\/wp\/v2\/pages"}],"about":[{"href":"https:\/\/forrajeraelizondo.com\/index.php\/wp-json\/wp\/v2\/types\/page"}],"author":[{"embeddable":true,"href":"https:\/\/forrajeraelizondo.com\/index.php\/wp-json\/wp\/v2\/users\/1"}],"replies":[{"embeddable":true,"href":"https:\/\/forrajeraelizondo.com\/index.php\/wp-json\/wp\/v2\/comments?post=67"}],"version-history":[{"count":32,"href":"https:\/\/forrajeraelizondo.com\/index.php\/wp-json\/wp\/v2\/pages\/67\/revisions"}],"predecessor-version":[{"id":857,"href":"https:\/\/forrajeraelizondo.com\/index.php\/wp-json\/wp\/v2\/pages\/67\/revisions\/857"}],"wp:attachment":[{"href":"https:\/\/forrajeraelizondo.com\/index.php\/wp-json\/wp\/v2\/media?parent=67"}],"curies":[{"name":"wp","href":"https:\/\/api.w.org\/{rel}","templated":true}]}}