{"id":64,"date":"2020-02-04T15:48:17","date_gmt":"2020-02-04T15:48:17","guid":{"rendered":"http:\/\/forrajeraelizondo.com\/?page_id=64"},"modified":"2020-02-04T15:48:44","modified_gmt":"2020-02-04T15:48:44","slug":"nuestra-ubicacion","status":"publish","type":"page","link":"https:\/\/forrajeraelizondo.com\/index.php\/nuestra-ubicacion\/","title":{"rendered":"Nuestra Ubicaci\u00f3n"},"content":{"rendered":"<p>[vc_row][vc_column][vc_empty_space][vc_raw_html]JTNDaWZyYW1lJTIwc3JjJTNEJTIyaHR0cHMlM0ElMkYlMkZ3d3cuZ29vZ2xlLmNvbSUyRm1hcHMlMkZlbWJlZCUzRnBiJTNEJTIxMW0xOCUyMTFtMTIlMjExbTMlMjExZDUwMTQuODU1MDI2OTYzMzY5JTIxMmQtMTAwLjE5MTcyODI2NjQ0NTQ4JTIxM2QyNS43NzI0NDU0NzQwNzM2MzUlMjEybTMlMjExZjAlMjEyZjAlMjEzZjAlMjEzbTIlMjExaTEwMjQlMjEyaTc2OCUyMTRmMTMuMSUyMTNtMyUyMTFtMiUyMTFzMHg4NjYyZWJmNWIyZWRlZTBkJTI1M0EweDgwNjlkZmE3NzBiYjA4YzAlMjEyc0ZPUlJBSkVSQSUyNTIwRUxJWk9ORE8lMjE1ZTAlMjEzbTIlMjExc2VuJTIxMnNteCUyMTR2MTU4MDgzMTIxNjYzNSUyMTVtMiUyMTFzZW4lMjEyc214JTIyJTIwd2lkdGglM0QlMjI2MDAlMjIlMjBoZWlnaHQlM0QlMjI0NTAlMjIlMjBmcmFtZWJvcmRlciUzRCUyMjAlMjIlMjBzdHlsZSUzRCUyMmJvcmRlciUzQTAlM0IlMjIlMjBhbGxvd2Z1bGxzY3JlZW4lM0QlMjIlMjIlM0UlM0MlMkZpZnJhbWUlM0U=[\/vc_raw_html][\/vc_column][\/vc_row][vc_row][vc_column][vc_column_text]Empresa dedicada a la industria de alimentos para animales. Manejamos todo lo referente a alimentos balanceados para ganado y comercializamos todo lo referente a granos y harinas as\u00ed como materias primas para la elaboraci\u00f3n de alimentos, semillas para siembra de granos, semillas para pastos de pradera, semillas para pastos de jard\u00edn, alimentos para mascotas, medicamentos veterinarios y accesorios para caballos y mascotas.<\/p>\n<p>&nbsp;<\/p>\n<p>Boulevard Carlos Salinas de Gortari No. 600, Col Centro, Apodaca Nuevo Le\u00f3n.<br \/>\nTel (81) 8386-2137\u00a0 y (81) 8386-2197<br \/>\n<a href=\"http:\/\/www.forrajeraelizondo.com\">www.forrajeraelizondo.com<\/a><\/p>\n<p><strong>Nuestra Ubicaci\u00f3n<\/strong><\/p>\n<p>Boulevard Carlos Salinas de Gortari # 600 Col. Centro Apodaca N.L<br \/>\nTel.\u00a0 (81) 8386-2137\u00a0 8386-2197 y 8386-3218[\/vc_column_text][\/vc_column][\/vc_row]<\/p>\n","protected":false},"excerpt":{"rendered":"<p>[vc_row][vc_column][vc_empty_space][vc_raw_html]JTNDaWZyYW1lJTIwc3JjJTNEJTIyaHR0cHMlM0ElMkYlMkZ3d3cuZ29vZ2xlLmNvbSUyRm1hcHMlMkZlbWJlZCUzRnBiJTNEJTIxMW0xOCUyMTFtMTIlMjExbTMlMjExZDUwMTQuODU1MDI2OTYzMzY5JTIxMmQtMTAwLjE5MTcyODI2NjQ0NTQ4JTIxM2QyNS43NzI0NDU0NzQwNzM2MzUlMjEybTMlMjExZjAlMjEyZjAlMjEzZjAlMjEzbTIlMjExaTEwMjQlMjEyaTc2OCUyMTRmMTMuMSUyMTNtMyUyMTFtMiUyMTFzMHg4NjYyZWJmNWIyZWRlZTBkJTI1M0EweDgwNjlkZmE3NzBiYjA4YzAlMjEyc0ZPUlJBSkVSQSUyNTIwRUxJWk9ORE8lMjE1ZTAlMjEzbTIlMjExc2VuJTIxMnNteCUyMTR2MTU4MDgzMTIxNjYzNSUyMTVtMiUyMTFzZW4lMjEyc214JTIyJTIwd2lkdGglM0QlMjI2MDAlMjIlMjBoZWlnaHQlM0QlMjI0NTAlMjIlMjBmcmFtZWJvcmRlciUzRCUyMjAlMjIlMjBzdHlsZSUzRCUyMmJvcmRlciUzQTAlM0IlMjIlMjBhbGxvd2Z1bGxzY3JlZW4lM0QlMjIlMjIlM0UlM0MlMkZpZnJhbWUlM0U=[\/vc_raw_html][\/vc_column][\/vc_row][vc_row][vc_column][vc_column_text]Empresa dedicada a la industria de alimentos para animales. Manejamos todo lo referente a alimentos balanceados para ganado y comercializamos todo lo referente a granos y harinas as\u00ed como materias primas para la elaboraci\u00f3n de alimentos, semillas para siembra de granos, semillas para pastos de pradera, semillas para pastos de jard\u00edn, alimentos para mascotas, medicamentos&hellip;<\/p>\n","protected":false},"author":1,"featured_media":0,"parent":0,"menu_order":0,"comment_status":"closed","ping_status":"closed","template":"","meta":[],"_links":{"self":[{"href":"https:\/\/forrajeraelizondo.com\/index.php\/wp-json\/wp\/v2\/pages\/64"}],"collection":[{"href":"https:\/\/forrajeraelizondo.com\/index.php\/wp-json\/wp\/v2\/pages"}],"about":[{"href":"https:\/\/forrajeraelizondo.com\/index.php\/wp-json\/wp\/v2\/types\/page"}],"author":[{"embeddable":true,"href":"https:\/\/forrajeraelizondo.com\/index.php\/wp-json\/wp\/v2\/users\/1"}],"replies":[{"embeddable":true,"href":"https:\/\/forrajeraelizondo.com\/index.php\/wp-json\/wp\/v2\/comments?post=64"}],"version-history":[{"count":2,"href":"https:\/\/forrajeraelizondo.com\/index.php\/wp-json\/wp\/v2\/pages\/64\/revisions"}],"predecessor-version":[{"id":66,"href":"https:\/\/forrajeraelizondo.com\/index.php\/wp-json\/wp\/v2\/pages\/64\/revisions\/66"}],"wp:attachment":[{"href":"https:\/\/forrajeraelizondo.com\/index.php\/wp-json\/wp\/v2\/media?parent=64"}],"curies":[{"name":"wp","href":"https:\/\/api.w.org\/{rel}","templated":true}]}}