{"id":58,"date":"2020-02-04T14:17:55","date_gmt":"2020-02-04T14:17:55","guid":{"rendered":"http:\/\/forrajeraelizondo.com\/?page_id=58"},"modified":"2021-05-16T13:33:55","modified_gmt":"2021-05-16T13:33:55","slug":"nosotros","status":"publish","type":"page","link":"https:\/\/forrajeraelizondo.com\/index.php\/nosotros\/","title":{"rendered":"Nuestra Historia"},"content":{"rendered":"<p>[vc_row][vc_column]\n\t\t\t<!-- START nuestrahistoria REVOLUTION SLIDER 6.2.23 --><p class=\"rs-p-wp-fix\"><\/p>\n\t\t\t<rs-module-wrap id=\"rev_slider_18_1_wrapper\" data-source=\"gallery\" style=\"background:transparent;padding:0;margin:0px auto;margin-top:0;margin-bottom:0;\">\n\t\t\t\t<rs-module id=\"rev_slider_18_1\" style=\"\" data-version=\"6.2.23\">\n\t\t\t\t\t<rs-slides>\n\t\t\t\t\t\t<rs-slide data-key=\"rs-252\" data-title=\"Slide\" data-anim=\"ei:d;eo:d;s:1000;r:0;t:fade;sl:0;\">\n\t\t\t\t\t\t\t<img src=\"\/\/forrajeraelizondo.com\/wp-content\/uploads\/2020\/02\/Imagen-Nuestra-Historia.jpg\" title=\"Nuestra Historia\" data-bg=\"f:contain;\" class=\"rev-slidebg\" data-no-retina>\n<!---->\t\t\t\t\t\t<\/rs-slide>\n\t\t\t\t\t<\/rs-slides>\n\t\t\t\t<\/rs-module>\n\t\t\t\t<script type=\"text\/javascript\">\n\t\t\t\t\tsetREVStartSize({c: 'rev_slider_18_1',rl:[1240,1024,778,480],el:[200],gw:[850],gh:[200],type:'standard',justify:'',layout:'fullwidth',mh:\"0\"});\n\t\t\t\t\tvar\trevapi18,\n\t\t\t\t\t\ttpj;\n\t\t\t\t\tfunction revinit_revslider181() {\n\t\t\t\t\tjQuery(function() {\n\t\t\t\t\t\ttpj = jQuery;\n\t\t\t\t\t\trevapi18 = tpj(\"#rev_slider_18_1\");\n\t\t\t\t\t\tif(revapi18==undefined || revapi18.revolution == undefined){\n\t\t\t\t\t\t\trevslider_showDoubleJqueryError(\"rev_slider_18_1\");\n\t\t\t\t\t\t}else{\n\t\t\t\t\t\t\trevapi18.revolution({\n\t\t\t\t\t\t\t\tsliderLayout:\"fullwidth\",\n\t\t\t\t\t\t\t\tvisibilityLevels:\"1240,1024,778,480\",\n\t\t\t\t\t\t\t\tgridwidth:850,\n\t\t\t\t\t\t\t\tgridheight:200,\n\t\t\t\t\t\t\t\tautoHeight:true,\n\t\t\t\t\t\t\t\tspinner:\"spinner0\",\n\t\t\t\t\t\t\t\tperspectiveType:\"local\",\n\t\t\t\t\t\t\t\teditorheight:\"200,768,960,720\",\n\t\t\t\t\t\t\t\tresponsiveLevels:\"1240,1024,778,480\",\n\t\t\t\t\t\t\t\tprogressBar: {\n\t\t\t\t\t\t\t\t\tcolor:\"rgba(0,0,0,0.15)\",\n\t\t\t\t\t\t\t\t\tvertical:\"top\",\n\t\t\t\t\t\t\t\t\tsize:5\n\t\t\t\t\t\t\t\t},\n\t\t\t\t\t\t\t\tnavigation: {\n\t\t\t\t\t\t\t\t\tmouseScrollNavigation:false,\n\t\t\t\t\t\t\t\t\tonHoverStop:false,\n\t\t\t\t\t\t\t\t\ttouch: {\n\t\t\t\t\t\t\t\t\t\ttouchenabled:true,\n\t\t\t\t\t\t\t\t\t\ttouchOnDesktop:true\n\t\t\t\t\t\t\t\t\t}\n\t\t\t\t\t\t\t\t},\n\t\t\t\t\t\t\t\tfallbacks: {\n\t\t\t\t\t\t\t\t\tallowHTML5AutoPlayOnAndroid:true\n\t\t\t\t\t\t\t\t},\n\t\t\t\t\t\t\t});\n\t\t\t\t\t\t}\n\t\t\t\t\t\t\n\t\t\t\t\t});\n\t\t\t\t\t} \/\/ End of RevInitScript\n\t\t\t\tvar once_revslider181 = false;\n\t\t\t\tif (document.readyState === \"loading\") {document.addEventListener('readystatechange',function() { if((document.readyState === \"interactive\" || document.readyState === \"complete\") && !once_revslider181 ) { once_revslider181 = true; revinit_revslider181();}});} else {once_revslider181 = true; revinit_revslider181();}\n\t\t\t\t<\/script>\n\t\t\t<\/rs-module-wrap>\n\t\t\t<!-- END REVOLUTION SLIDER -->\n[\/vc_column][\/vc_row][vc_row][vc_column][vc_column_text]<\/p>\n<h2><strong>Nuestra Historia<\/strong><\/h2>\n<p>En marzo de 1972 Don Jos\u00e9 Antonio Elizondo Villarreal inicia la empresa como distribuidora de Alimentos Balanceados, transcurriendo los meses logra convertirse en la distribuidora m\u00e1s importante del Norte del pa\u00eds.<\/p>\n<p>&nbsp;<\/p>\n<p>En noviembre de 1978 Se formaliza la empresa pasando a ser una Sociedad An\u00f3nima: \u201cForrajera Elizondo, S.A. de C.V.\u201d<\/p>\n<p>&nbsp;<\/p>\n<p>A mediados de 1980 se inicia con herramientas manuales, la producci\u00f3n de mezclas de granos y subproductos para ganado bovino, esto dentro del mismo local.<\/p>\n<p>&nbsp;<\/p>\n<p>En el a\u00f1o de 1984 se adquiere equipo para la elaboraci\u00f3n de alimentos balanceados y se inicia con la venta de semillas para siembra, principalmente de sorgo de grano.<\/p>\n<p>&nbsp;<\/p>\n<p>En 1991 se lleva a cabo el cambio a las instalaciones actuales, contando con mayor capacidad de almacenamiento y con oficinas m\u00e1s amplias.<\/p>\n<p>&nbsp;<\/p>\n<p>Cinco a\u00f1os m\u00e1s tarde comienza a operar la planta de alimentos con la que se cuenta actualmente dando como resultado una mejora sustancial en el control de calidad de nuestros productos.<\/p>\n<p>&nbsp;<\/p>\n<p>En marzo de 1995 surge la necesidad de crear una empresa hermana que se especializara en semillas, de este modo nace Semillas San Francisco, S. A. de C.V. dedicada a la importaci\u00f3n, producci\u00f3n, beneficio, distribuci\u00f3n y comercializaci\u00f3n de semillas de Sorgo para Grano, Sorgo, Forrajero, Ma\u00edces, Trigos, Avenas, algunos pastos forrajeros y actualmente pastos para jard\u00edn, \u00e1reas verdes y deportivas, con el fin de satisfacer las necesidades de nuestros clientes.<\/p>\n<p>&nbsp;<\/p>\n<p>En junio de 1997 con una idea clara de seguir creciendo y diversific\u00e1ndose se inicia una nueva etapa, en la que se logra obtener la Macro distribuci\u00f3n de una de las Empresas l\u00edderes en la producci\u00f3n de alimentos para mascotas, esto da como resultado la apertura de la divisi\u00f3n Mascotas.<\/p>\n<p>&nbsp;<\/p>\n<p>Para febrero de 2002 se inaugura la primera sucursal en San Isidro, municipio de los Ramones, Nuevo Le\u00f3n.<\/p>\n<p>&nbsp;<\/p>\n<p>En el a\u00f1o 2004 se adquiere la planta Nuprim, empresa dedicada a la elaboraci\u00f3n de bases y suplementos minerales, vitam\u00ednicos y proteicos.<\/p>\n<p>&nbsp;<\/p>\n<p>En 2005 se apertura la segunda sucursal en Saltillo, Coahuila.<\/p>\n<p>&nbsp;<\/p>\n<p>En 2007 se consolida la integraci\u00f3n a la red de Internet con la finalidad de seguir con los proyectos de expansi\u00f3n y modernizaci\u00f3n de nuestro grupo empresarial.<\/p>\n<p>&nbsp;<\/p>\n<h3><span style=\"color: #0847b9;\"><strong>Misi\u00f3n<\/strong><\/span><\/h3>\n<p>&#8220;Ofrecemos soluciones para el sector agropecuario, de mascotas y urbano, desde 1972, a trav\u00e9s de la producci\u00f3n, innovaci\u00f3n y comercializaci\u00f3n de productos de alta calidad, respaldados por la experiencia de un equipo capacitado y comprometido, generando as\u00ed, la confianza y satisfacci\u00f3n de nuestros clientes&#8221;<\/p>\n<p>&nbsp;<\/p>\n<h3><span style=\"color: #0847b9;\"><strong>Visi\u00f3n<\/strong><\/span><\/h3>\n<p>&#8220;Ser el socio estrat\u00e9gico de nuestros clientes, que colabore en su realizaci\u00f3n y trascendencia&#8221;.<\/p>\n<p>&nbsp;<\/p>\n<h3><span style=\"color: #0847b9;\"><strong>Valores<\/strong><\/span><\/h3>\n<p>Disciplina, Pasi\u00f3n por el Servicio, Calidad, Confianza.<\/p>\n<h2><strong>\u00a0<\/strong><\/h2>\n<p><strong>\u00a0<\/strong>[\/vc_column_text][\/vc_column][\/vc_row]<\/p>\n","protected":false},"excerpt":{"rendered":"<p>[vc_row][vc_column][\/vc_column][\/vc_row][vc_row][vc_column][vc_column_text] Nuestra Historia En marzo de 1972 Don Jos\u00e9 Antonio Elizondo Villarreal inicia la empresa como distribuidora de Alimentos Balanceados, transcurriendo los meses logra convertirse en la distribuidora m\u00e1s importante del Norte del pa\u00eds. &nbsp; En noviembre de 1978 Se formaliza la empresa pasando a ser una Sociedad An\u00f3nima: \u201cForrajera Elizondo, S.A. de C.V.\u201d &nbsp;&hellip;<\/p>\n","protected":false},"author":1,"featured_media":0,"parent":0,"menu_order":0,"comment_status":"closed","ping_status":"closed","template":"","meta":[],"_links":{"self":[{"href":"https:\/\/forrajeraelizondo.com\/index.php\/wp-json\/wp\/v2\/pages\/58"}],"collection":[{"href":"https:\/\/forrajeraelizondo.com\/index.php\/wp-json\/wp\/v2\/pages"}],"about":[{"href":"https:\/\/forrajeraelizondo.com\/index.php\/wp-json\/wp\/v2\/types\/page"}],"author":[{"embeddable":true,"href":"https:\/\/forrajeraelizondo.com\/index.php\/wp-json\/wp\/v2\/users\/1"}],"replies":[{"embeddable":true,"href":"https:\/\/forrajeraelizondo.com\/index.php\/wp-json\/wp\/v2\/comments?post=58"}],"version-history":[{"count":18,"href":"https:\/\/forrajeraelizondo.com\/index.php\/wp-json\/wp\/v2\/pages\/58\/revisions"}],"predecessor-version":[{"id":2056,"href":"https:\/\/forrajeraelizondo.com\/index.php\/wp-json\/wp\/v2\/pages\/58\/revisions\/2056"}],"wp:attachment":[{"href":"https:\/\/forrajeraelizondo.com\/index.php\/wp-json\/wp\/v2\/media?parent=58"}],"curies":[{"name":"wp","href":"https:\/\/api.w.org\/{rel}","templated":true}]}}