{"id":447,"date":"2020-02-12T15:18:56","date_gmt":"2020-02-12T15:18:56","guid":{"rendered":"http:\/\/forrajeraelizondo.com\/?page_id=447"},"modified":"2020-02-12T16:31:45","modified_gmt":"2020-02-12T16:31:45","slug":"faqs-plaguicidas","status":"publish","type":"page","link":"https:\/\/forrajeraelizondo.com\/index.php\/faqs-plaguicidas\/","title":{"rendered":"FAQS Plaguicidas"},"content":{"rendered":"<p>[vc_row][vc_column][vc_column_text]<div class='ufaq-faq-list' id='ufaq-faq-list'><style>.ewd-ufaq-post-margin-symbol { }\n.ewd-ufaq-post-margin-symbol span { }\n.ufaq-faq-display-style-Block.ewd-ufaq-post-active, .ufaq-faq-display-style-Block.ewd-ufaq-post-active a,.ufaq-faq-display-style-Block:hover, .ufaq-faq-display-style-Block:hover a, .ufaq-faq-display-style-Block:hover h4 { }\n.ufaq-faq-display-style-Border_Block.ewd-ufaq-post-active, .ufaq-faq-display-style-Border_Block:hover, .ufaq-faq-display-style-Border_Block:hover h1, .ufaq-faq-display-style-Border_Block:hover h2, .ufaq-faq-display-style-Border_Block:hover h3, .ufaq-faq-display-style-Border_Block:hover h4, .ufaq-faq-display-style-Border_Block:hover h5, .ufaq-faq-display-style-Border_Block:hover h6 { }\n.ufaq-faq-display-style-Border_Block .ufaq-faq-body { }\n.ufaq-faq-display-style-Border_Block .comment-reply-title, .ufaq-faq-display-style-Border_Block:hover .comment-reply-title { background-color: transparent !important;}\ndiv.ufaq-faq-category-title h4 h4 { }\n.ufaq-faq-header-title a{ }\ndiv.ufaq-faq-title h4 { }\n.ewd-ufaq-post-margin-symbol { }\ndiv.ufaq-faq-post p { }\ndiv.ufaq-faq-body, .ufaq-faq-display-style-Border_Block .ufaq-faq-body { }\ndiv.ewd-ufaq-author-date { }\ndiv.ufaq-faq-categories, div.ufaq-faq-tags { }\n<\/style><script language='JavaScript' type='text\/javascript'>var faq_accordion = true;var faq_scroll = false;var reveal_effect = 'none';<\/script><div class='ewd-ufaq-faqs'><div class='ufaq-faq-category'><div class='ufaq-faq-category-title' data-categoryid='38-iIe'><h4>Plaguicidas<\/span><\/h4><\/div><div class='ufaq-faq-category-inner' id='ufaq-faq-category-body-38-iIe'><div class='ufaq-faq-div ufaq-faq-column-count-One ufaq-faq-responsive-columns- ufaq-faq-display-style-Default' id='ufaq-post-iIe-361-0' data-postid='iIe-361-0'><div class='ufaq-faq-title ufaq-faq-toggle' id='ufaq-title-361' data-postid='iIe-361-0'><a class='ewd-ufaq-post-margin'  href='https:\/\/forrajeraelizondo.com\/index.php\/ufaqs\/es-conveniente-aplicar-el-insecticida-a-los-cultivos-aunque-no-este-presente-la-plaga-todavia\/'><div class='ewd-ufaq-post-margin-symbol ' id='ewd-ufaq-post-margin-symbol-iIe-361-0'><span id='ewd-ufaq-post-symbol-iIe-361-0'>a<\/span><\/div><div class='ufaq-faq-title-text'><h4>\u00bfEs conveniente aplicar el insecticida a los cultivos aunque no est\u00e9 presente la plaga todav\u00eda?<\/h4><\/div><div class='ewd-ufaq-clear'><\/div><\/a><\/div><div class='ufaq-faq-body ufaq-body-361 ewd-ufaq-hidden' id='ufaq-body-iIe-361-0'><div class='ewd-ufaq-post-margin ufaq-faq-post' id='ufaq-post-361'><p>Lo m\u00e1s recomendable es estar haciendo revisiones peri\u00f3dicas en los cultivos y en el primer momento en que se presente la plaga inmediatamente hacer la aplicaci\u00f3n, no se recomienda hacer tratamientos preventivos en el caso de las plagas.<\/p>\n<\/div><div class='ufaq-faq-categories' id='ufaq-categories-361'>Category: <a  href='\/index.php\/wp-json\/wp\/v2\/pages\/447?include_category=plaguicidas'>Plaguicidas<\/a><\/div><div class='ufaq-permalink'><a href='https:\/\/forrajeraelizondo.com\/index.php\/faqs-plaguicidas\/?Display_FAQ=361'>Permalink<div class='ufaq-permalink-image'><\/div><\/a><\/div><\/div><\/div><div class='ufaq-faq-div ufaq-faq-column-count-One ufaq-faq-responsive-columns- ufaq-faq-display-style-Default' id='ufaq-post-iIe-360-1' data-postid='iIe-360-1'><div class='ufaq-faq-title ufaq-faq-toggle' id='ufaq-title-360' data-postid='iIe-360-1'><a class='ewd-ufaq-post-margin'  href='https:\/\/forrajeraelizondo.com\/index.php\/ufaqs\/puedo-utilizar-un-veneno-que-utilizo-en-mis-cultivos-y-que-tiene-el-mismo-ingrediente-activo-para-aplicarselo-a-mis-animales-para-controlar-la-garrapata\/'><div class='ewd-ufaq-post-margin-symbol ' id='ewd-ufaq-post-margin-symbol-iIe-360-1'><span id='ewd-ufaq-post-symbol-iIe-360-1'>a<\/span><\/div><div class='ufaq-faq-title-text'><h4>\u00bfPuedo utilizar un veneno que utilizo en mis cultivos y que tiene el mismo ingrediente activo para aplic\u00e1rselo a mis animales para controlar la garrapata?<\/h4><\/div><div class='ewd-ufaq-clear'><\/div><\/a><\/div><div class='ufaq-faq-body ufaq-body-360 ewd-ufaq-hidden' id='ufaq-body-iIe-360-1'><div class='ewd-ufaq-post-margin ufaq-faq-post' id='ufaq-post-360'><p>No porque aunque tenga el mismo ingrediente activo tienen diferentes solventes y le puede ocasionar a sus animales irritaci\u00f3n en la piel y en el peor de los casa hasta quemaduras.<\/p>\n<\/div><div class='ufaq-faq-categories' id='ufaq-categories-360'>Category: <a  href='\/index.php\/wp-json\/wp\/v2\/pages\/447?include_category=plaguicidas'>Plaguicidas<\/a><\/div><div class='ufaq-permalink'><a href='https:\/\/forrajeraelizondo.com\/index.php\/faqs-plaguicidas\/?Display_FAQ=360'>Permalink<div class='ufaq-permalink-image'><\/div><\/a><\/div><\/div><\/div><div class='ufaq-faq-div ufaq-faq-column-count-One ufaq-faq-responsive-columns- ufaq-faq-display-style-Default' id='ufaq-post-iIe-359-2' data-postid='iIe-359-2'><div class='ufaq-faq-title ufaq-faq-toggle' id='ufaq-title-359' data-postid='iIe-359-2'><a class='ewd-ufaq-post-margin'  href='https:\/\/forrajeraelizondo.com\/index.php\/ufaqs\/que-herbicida-puedo-utilizar-en-el-sorgo-y-el-maiz-sin-danarlos\/'><div class='ewd-ufaq-post-margin-symbol ' id='ewd-ufaq-post-margin-symbol-iIe-359-2'><span id='ewd-ufaq-post-symbol-iIe-359-2'>a<\/span><\/div><div class='ufaq-faq-title-text'><h4>\u00bfQu\u00e9 herbicida puedo utilizar en el sorgo y el ma\u00edz sin da\u00f1arlos?<\/h4><\/div><div class='ewd-ufaq-clear'><\/div><\/a><\/div><div class='ufaq-faq-body ufaq-body-359 ewd-ufaq-hidden' id='ufaq-body-iIe-359-2'><div class='ewd-ufaq-post-margin ufaq-faq-post' id='ufaq-post-359'><p>Herbipol 4-EB Herbipol 2-4 D Amina para control de malezas de hoja ancha y se puede utilizar la Galope si la maleza est\u00e1 muy grande.<\/p>\n<\/div><div class='ufaq-faq-categories' id='ufaq-categories-359'>Category: <a  href='\/index.php\/wp-json\/wp\/v2\/pages\/447?include_category=plaguicidas'>Plaguicidas<\/a><\/div><div class='ufaq-permalink'><a href='https:\/\/forrajeraelizondo.com\/index.php\/faqs-plaguicidas\/?Display_FAQ=359'>Permalink<div class='ufaq-permalink-image'><\/div><\/a><\/div><\/div><\/div><div class='ufaq-faq-div ufaq-faq-column-count-One ufaq-faq-responsive-columns- ufaq-faq-display-style-Default' id='ufaq-post-iIe-358-3' data-postid='iIe-358-3'><div class='ufaq-faq-title ufaq-faq-toggle' id='ufaq-title-358' data-postid='iIe-358-3'><a class='ewd-ufaq-post-margin'  href='https:\/\/forrajeraelizondo.com\/index.php\/ufaqs\/como-puedo-eliminar-plantas-parasitas-en-mis-nogales\/'><div class='ewd-ufaq-post-margin-symbol ' id='ewd-ufaq-post-margin-symbol-iIe-358-3'><span id='ewd-ufaq-post-symbol-iIe-358-3'>a<\/span><\/div><div class='ufaq-faq-title-text'><h4>\u00bfC\u00f3mo puedo eliminar plantas parasitas en mis nogales?<\/h4><\/div><div class='ewd-ufaq-clear'><\/div><\/a><\/div><div class='ufaq-faq-body ufaq-body-358 ewd-ufaq-hidden' id='ufaq-body-iIe-358-3'><div class='ewd-ufaq-post-margin ufaq-faq-post' id='ufaq-post-358'><p>Cortar la planta parasita desde la base, despu\u00e9s aplicar una mezcla de fungicida e insecticida y aplicarlo con atomizador, esperar que se seque la atomizaci\u00f3n e inmediatamente despu\u00e9s poner tapa poda para que no vuelva a brotar la maleza.<\/p>\n<\/div><div class='ufaq-faq-categories' id='ufaq-categories-358'>Category: <a  href='\/index.php\/wp-json\/wp\/v2\/pages\/447?include_category=plaguicidas'>Plaguicidas<\/a><\/div><div class='ufaq-permalink'><a href='https:\/\/forrajeraelizondo.com\/index.php\/faqs-plaguicidas\/?Display_FAQ=358'>Permalink<div class='ufaq-permalink-image'><\/div><\/a><\/div><\/div><\/div><div class='ufaq-faq-div ufaq-faq-column-count-One ufaq-faq-responsive-columns- ufaq-faq-display-style-Default' id='ufaq-post-iIe-357-4' data-postid='iIe-357-4'><div class='ufaq-faq-title ufaq-faq-toggle' id='ufaq-title-357' data-postid='iIe-357-4'><a class='ewd-ufaq-post-margin'  href='https:\/\/forrajeraelizondo.com\/index.php\/ufaqs\/que-fertilizantes-puedo-utilizar-en-mis-nogales\/'><div class='ewd-ufaq-post-margin-symbol ' id='ewd-ufaq-post-margin-symbol-iIe-357-4'><span id='ewd-ufaq-post-symbol-iIe-357-4'>a<\/span><\/div><div class='ufaq-faq-title-text'><h4>\u00bfQu\u00e9 fertilizantes puedo utilizar en mis nogales?<\/h4><\/div><div class='ewd-ufaq-clear'><\/div><\/a><\/div><div class='ufaq-faq-body ufaq-body-357 ewd-ufaq-hidden' id='ufaq-body-iIe-357-4'><div class='ewd-ufaq-post-margin ufaq-faq-post' id='ufaq-post-357'><p>Fertilizantes granulados como Nitrofoska, Triple 16, y Sulfato de Amonio.<br \/>\nFoliareres NZn las aplicaciones comienzan desde el inicio de las yemas de hasta el final de la brotaci\u00f3n. 5 aplicaciones al a\u00f1o.<\/p>\n<\/div><div class='ufaq-faq-categories' id='ufaq-categories-357'>Category: <a  href='\/index.php\/wp-json\/wp\/v2\/pages\/447?include_category=plaguicidas'>Plaguicidas<\/a><\/div><div class='ufaq-permalink'><a href='https:\/\/forrajeraelizondo.com\/index.php\/faqs-plaguicidas\/?Display_FAQ=357'>Permalink<div class='ufaq-permalink-image'><\/div><\/a><\/div><\/div><\/div><div class='ufaq-faq-div ufaq-faq-column-count-One ufaq-faq-responsive-columns- ufaq-faq-display-style-Default' id='ufaq-post-iIe-356-5' data-postid='iIe-356-5'><div class='ufaq-faq-title ufaq-faq-toggle' id='ufaq-title-356' data-postid='iIe-356-5'><a class='ewd-ufaq-post-margin'  href='https:\/\/forrajeraelizondo.com\/index.php\/ufaqs\/tengo-problemas-en-mi-jardin-sospecho-que-es-gallina-ciega-manejan-algun-veneno-para-eso\/'><div class='ewd-ufaq-post-margin-symbol ' id='ewd-ufaq-post-margin-symbol-iIe-356-5'><span id='ewd-ufaq-post-symbol-iIe-356-5'>a<\/span><\/div><div class='ufaq-faq-title-text'><h4>Tengo problemas en mi jard\u00edn sospecho que es gallina ciega; \u00bfManejan alg\u00fan veneno para eso?<\/h4><\/div><div class='ewd-ufaq-clear'><\/div><\/a><\/div><div class='ufaq-faq-body ufaq-body-356 ewd-ufaq-hidden' id='ufaq-body-iIe-356-5'><div class='ewd-ufaq-post-margin ufaq-faq-post' id='ufaq-post-356'><p>Verifique si es gallina ciega,  si el c\u00e9sped se desprende f\u00e1cilmente al jalarlo, si esta amarillo, podemos sospechar que si es gallina ciega. Para combatirla manejamos un producto que se llama Valor granulado en presentaci\u00f3n de 1 kg y 5 kg. a dosis de 10 g por m\u00b2.<\/p>\n<\/div><div class='ufaq-faq-categories' id='ufaq-categories-356'>Category: <a  href='\/index.php\/wp-json\/wp\/v2\/pages\/447?include_category=plaguicidas'>Plaguicidas<\/a><\/div><div class='ufaq-permalink'><a href='https:\/\/forrajeraelizondo.com\/index.php\/faqs-plaguicidas\/?Display_FAQ=356'>Permalink<div class='ufaq-permalink-image'><\/div><\/a><\/div><\/div><\/div><div class='ufaq-faq-div ufaq-faq-column-count-One ufaq-faq-responsive-columns- ufaq-faq-display-style-Default' id='ufaq-post-iIe-355-6' data-postid='iIe-355-6'><div class='ufaq-faq-title ufaq-faq-toggle' id='ufaq-title-355' data-postid='iIe-355-6'><a class='ewd-ufaq-post-margin'  href='https:\/\/forrajeraelizondo.com\/index.php\/ufaqs\/tienen-algun-veneno-para-zancudos-y-moscas\/'><div class='ewd-ufaq-post-margin-symbol ' id='ewd-ufaq-post-margin-symbol-iIe-355-6'><span id='ewd-ufaq-post-symbol-iIe-355-6'>a<\/span><\/div><div class='ufaq-faq-title-text'><h4>\u00bfTienen alg\u00fan veneno para zancudos y moscas?<\/h4><\/div><div class='ewd-ufaq-clear'><\/div><\/a><\/div><div class='ufaq-faq-body ufaq-body-355 ewd-ufaq-hidden' id='ufaq-body-iIe-355-6'><div class='ewd-ufaq-post-margin ufaq-faq-post' id='ufaq-post-355'><p>Si para casa habitaci\u00f3n tenemos el Arma de 100 ml y de 1 l, y para el aire libre tenemos el Konox de 1 l y de 100 ml.<\/p>\n<\/div><div class='ufaq-faq-categories' id='ufaq-categories-355'>Category: <a  href='\/index.php\/wp-json\/wp\/v2\/pages\/447?include_category=plaguicidas'>Plaguicidas<\/a><\/div><div class='ufaq-permalink'><a href='https:\/\/forrajeraelizondo.com\/index.php\/faqs-plaguicidas\/?Display_FAQ=355'>Permalink<div class='ufaq-permalink-image'><\/div><\/a><\/div><\/div><\/div><div class='ufaq-faq-div ufaq-faq-column-count-One ufaq-faq-responsive-columns- ufaq-faq-display-style-Default' id='ufaq-post-iIe-354-7' data-postid='iIe-354-7'><div class='ufaq-faq-title ufaq-faq-toggle' id='ufaq-title-354' data-postid='iIe-354-7'><a class='ewd-ufaq-post-margin'  href='https:\/\/forrajeraelizondo.com\/index.php\/ufaqs\/que-tipo-de-fertilizante-puedo-utilizar-en-mi-jardin\/'><div class='ewd-ufaq-post-margin-symbol ' id='ewd-ufaq-post-margin-symbol-iIe-354-7'><span id='ewd-ufaq-post-symbol-iIe-354-7'>a<\/span><\/div><div class='ufaq-faq-title-text'><h4>\u00bfQu\u00e9 tipo de fertilizante puedo utilizar en mi jard\u00edn?<\/h4><\/div><div class='ewd-ufaq-clear'><\/div><\/a><\/div><div class='ufaq-faq-body ufaq-body-354 ewd-ufaq-hidden' id='ufaq-body-iIe-354-7'><div class='ewd-ufaq-post-margin ufaq-faq-post' id='ufaq-post-354'><p>El que le recomendamos es el Floranid de 2 kg  o el Nitrofoska de 2 kg que son los m\u00e1s completos o el triple 16 de  2 kg y 50 kg.<\/p>\n<\/div><div class='ufaq-faq-categories' id='ufaq-categories-354'>Category: <a  href='\/index.php\/wp-json\/wp\/v2\/pages\/447?include_category=plaguicidas'>Plaguicidas<\/a><\/div><div class='ufaq-permalink'><a href='https:\/\/forrajeraelizondo.com\/index.php\/faqs-plaguicidas\/?Display_FAQ=354'>Permalink<div class='ufaq-permalink-image'><\/div><\/a><\/div><\/div><\/div><div class='ufaq-faq-div ufaq-faq-column-count-One ufaq-faq-responsive-columns- ufaq-faq-display-style-Default' id='ufaq-post-iIe-353-8' data-postid='iIe-353-8'><div class='ufaq-faq-title ufaq-faq-toggle' id='ufaq-title-353' data-postid='iIe-353-8'><a class='ewd-ufaq-post-margin'  href='https:\/\/forrajeraelizondo.com\/index.php\/ufaqs\/tienen-algun-cicatrizante-para-arboles\/'><div class='ewd-ufaq-post-margin-symbol ' id='ewd-ufaq-post-margin-symbol-iIe-353-8'><span id='ewd-ufaq-post-symbol-iIe-353-8'>a<\/span><\/div><div class='ufaq-faq-title-text'><h4>\u00bfTienen alg\u00fan cicatrizante para \u00e1rboles?<\/h4><\/div><div class='ewd-ufaq-clear'><\/div><\/a><\/div><div class='ufaq-faq-body ufaq-body-353 ewd-ufaq-hidden' id='ufaq-body-iIe-353-8'><div class='ewd-ufaq-post-margin ufaq-faq-post' id='ufaq-post-353'><p>Si manejamos el tapa podas de 1 l ayuda para la cicatrizaci\u00f3n en \u00e1rboles.<\/p>\n<\/div><div class='ufaq-faq-categories' id='ufaq-categories-353'>Category: <a  href='\/index.php\/wp-json\/wp\/v2\/pages\/447?include_category=plaguicidas'>Plaguicidas<\/a><\/div><div class='ufaq-permalink'><a href='https:\/\/forrajeraelizondo.com\/index.php\/faqs-plaguicidas\/?Display_FAQ=353'>Permalink<div class='ufaq-permalink-image'><\/div><\/a><\/div><\/div><\/div><div class='ufaq-faq-div ufaq-faq-column-count-One ufaq-faq-responsive-columns- ufaq-faq-display-style-Default' id='ufaq-post-iIe-352-9' data-postid='iIe-352-9'><div class='ufaq-faq-title ufaq-faq-toggle' id='ufaq-title-352' data-postid='iIe-352-9'><a class='ewd-ufaq-post-margin'  href='https:\/\/forrajeraelizondo.com\/index.php\/ufaqs\/que-herbicida-tienen-para-eliminar-toda-la-maleza\/'><div class='ewd-ufaq-post-margin-symbol ' id='ewd-ufaq-post-margin-symbol-iIe-352-9'><span id='ewd-ufaq-post-symbol-iIe-352-9'>a<\/span><\/div><div class='ufaq-faq-title-text'><h4>\u00bfQu\u00e9 herbicida tienen para eliminar toda la maleza?<\/h4><\/div><div class='ewd-ufaq-clear'><\/div><\/a><\/div><div class='ufaq-faq-body ufaq-body-352 ewd-ufaq-hidden' id='ufaq-body-iIe-352-9'><div class='ewd-ufaq-post-margin ufaq-faq-post' id='ufaq-post-352'><p>Herbipol Glifosato. Y Herbipol Paraquat que es el mata verde pero no mata la ra\u00edz como el Herbipol Glifosato.<\/p>\n<\/div><div class='ufaq-faq-categories' id='ufaq-categories-352'>Category: <a  href='\/index.php\/wp-json\/wp\/v2\/pages\/447?include_category=plaguicidas'>Plaguicidas<\/a><\/div><div class='ufaq-permalink'><a href='https:\/\/forrajeraelizondo.com\/index.php\/faqs-plaguicidas\/?Display_FAQ=352'>Permalink<div class='ufaq-permalink-image'><\/div><\/a><\/div><\/div><\/div><div class='ufaq-faq-div ufaq-faq-column-count-One ufaq-faq-responsive-columns- ufaq-faq-display-style-Default' id='ufaq-post-iIe-351-10' data-postid='iIe-351-10'><div class='ufaq-faq-title ufaq-faq-toggle' id='ufaq-title-351' data-postid='iIe-351-10'><a class='ewd-ufaq-post-margin'  href='https:\/\/forrajeraelizondo.com\/index.php\/ufaqs\/tengo-un-naranjo-con-mucha-hormiga-arriera-que-puedo-ponerle\/'><div class='ewd-ufaq-post-margin-symbol ' id='ewd-ufaq-post-margin-symbol-iIe-351-10'><span id='ewd-ufaq-post-symbol-iIe-351-10'>a<\/span><\/div><div class='ufaq-faq-title-text'><h4>Tengo un Naranjo con mucha hormiga arriera, \u00bfQu\u00e9 puedo ponerle?<\/h4><\/div><div class='ewd-ufaq-clear'><\/div><\/a><\/div><div class='ufaq-faq-body ufaq-body-351 ewd-ufaq-hidden' id='ufaq-body-iIe-351-10'><div class='ewd-ufaq-post-margin ufaq-faq-post' id='ufaq-post-351'><p>Trompa<\/p>\n<\/div><div class='ufaq-faq-categories' id='ufaq-categories-351'>Category: <a  href='\/index.php\/wp-json\/wp\/v2\/pages\/447?include_category=plaguicidas'>Plaguicidas<\/a><\/div><div class='ufaq-permalink'><a href='https:\/\/forrajeraelizondo.com\/index.php\/faqs-plaguicidas\/?Display_FAQ=351'>Permalink<div class='ufaq-permalink-image'><\/div><\/a><\/div><\/div><\/div><div class='ufaq-faq-div ufaq-faq-column-count-One ufaq-faq-responsive-columns- ufaq-faq-display-style-Default' id='ufaq-post-iIe-350-11' data-postid='iIe-350-11'><div class='ufaq-faq-title ufaq-faq-toggle' id='ufaq-title-350' data-postid='iIe-350-11'><a class='ewd-ufaq-post-margin'  href='https:\/\/forrajeraelizondo.com\/index.php\/ufaqs\/el-sacate-que-tengo-tiene-manchones-amarillos-y-se-desprende-casi-solo-ya-regue-y-ya-fertilice-que-me-recomiendan\/'><div class='ewd-ufaq-post-margin-symbol ' id='ewd-ufaq-post-margin-symbol-iIe-350-11'><span id='ewd-ufaq-post-symbol-iIe-350-11'>a<\/span><\/div><div class='ufaq-faq-title-text'><h4>El s\u00e1cate que tengo tiene manchones amarillos y se desprende casi solo, ya regu\u00e9 y ya fertilice, \u00bfQu\u00e9 me recomiendan?<\/h4><\/div><div class='ewd-ufaq-clear'><\/div><\/a><\/div><div class='ufaq-faq-body ufaq-body-350 ewd-ufaq-hidden' id='ufaq-body-iIe-350-11'><div class='ewd-ufaq-post-margin ufaq-faq-post' id='ufaq-post-350'><p>Poner el Valor para la gallina ciega a raz\u00f3n de 10 g por m\u00b2.<\/p>\n<\/div><div class='ufaq-faq-categories' id='ufaq-categories-350'>Category: <a  href='\/index.php\/wp-json\/wp\/v2\/pages\/447?include_category=plaguicidas'>Plaguicidas<\/a><\/div><div class='ufaq-permalink'><a href='https:\/\/forrajeraelizondo.com\/index.php\/faqs-plaguicidas\/?Display_FAQ=350'>Permalink<div class='ufaq-permalink-image'><\/div><\/a><\/div><\/div><\/div><div class='ufaq-faq-div ufaq-faq-column-count-One ufaq-faq-responsive-columns- ufaq-faq-display-style-Default' id='ufaq-post-iIe-349-12' data-postid='iIe-349-12'><div class='ufaq-faq-title ufaq-faq-toggle' id='ufaq-title-349' data-postid='iIe-349-12'><a class='ewd-ufaq-post-margin'  href='https:\/\/forrajeraelizondo.com\/index.php\/ufaqs\/voy-a-tener-una-fiesta-y-quiero-fumigar-el-jardin-para-que-quede-listo-hoy-en-la-tarde-que-pongo-que-no-huela\/'><div class='ewd-ufaq-post-margin-symbol ' id='ewd-ufaq-post-margin-symbol-iIe-349-12'><span id='ewd-ufaq-post-symbol-iIe-349-12'>a<\/span><\/div><div class='ufaq-faq-title-text'><h4>Voy a tener una fiesta y quiero fumigar el jard\u00edn para que quede listo hoy en la tarde \u00bfque pongo que no huela?<\/h4><\/div><div class='ewd-ufaq-clear'><\/div><\/a><\/div><div class='ufaq-faq-body ufaq-body-349 ewd-ufaq-hidden' id='ufaq-body-iIe-349-12'><div class='ewd-ufaq-post-margin ufaq-faq-post' id='ufaq-post-349'><p>Recomiendo el Konox 5 ml por litro de agua.<\/p>\n<\/div><div class='ufaq-faq-categories' id='ufaq-categories-349'>Category: <a  href='\/index.php\/wp-json\/wp\/v2\/pages\/447?include_category=plaguicidas'>Plaguicidas<\/a><\/div><div class='ufaq-permalink'><a href='https:\/\/forrajeraelizondo.com\/index.php\/faqs-plaguicidas\/?Display_FAQ=349'>Permalink<div class='ufaq-permalink-image'><\/div><\/a><\/div><\/div><\/div><div class='ufaq-faq-div ufaq-faq-column-count-One ufaq-faq-responsive-columns- ufaq-faq-display-style-Default' id='ufaq-post-iIe-348-13' data-postid='iIe-348-13'><div class='ufaq-faq-title ufaq-faq-toggle' id='ufaq-title-348' data-postid='iIe-348-13'><a class='ewd-ufaq-post-margin'  href='https:\/\/forrajeraelizondo.com\/index.php\/ufaqs\/quiero-limpiar-la-acequia-y-cada-vez-que-meto-el-riego-tengo-que-limpiarla-que-tengo-que-hacer-para-limpiar-la-hierba\/'><div class='ewd-ufaq-post-margin-symbol ' id='ewd-ufaq-post-margin-symbol-iIe-348-13'><span id='ewd-ufaq-post-symbol-iIe-348-13'>a<\/span><\/div><div class='ufaq-faq-title-text'><h4>Quiero limpiar la acequia y cada vez que meto el riego tengo que limpiarla \u00bfQu\u00e9 tengo que hacer para limpiar la hierba?<\/h4><\/div><div class='ewd-ufaq-clear'><\/div><\/a><\/div><div class='ufaq-faq-body ufaq-body-348 ewd-ufaq-hidden' id='ufaq-body-iIe-348-13'><div class='ewd-ufaq-post-margin ufaq-faq-post' id='ufaq-post-348'><p>Herbipol Glifosato un herbicida no selectivo que mata todo y no deja residuos en la tierra o el agua.<\/p>\n<\/div><div class='ufaq-faq-categories' id='ufaq-categories-348'>Category: <a  href='\/index.php\/wp-json\/wp\/v2\/pages\/447?include_category=plaguicidas'>Plaguicidas<\/a><\/div><div class='ufaq-permalink'><a href='https:\/\/forrajeraelizondo.com\/index.php\/faqs-plaguicidas\/?Display_FAQ=348'>Permalink<div class='ufaq-permalink-image'><\/div><\/a><\/div><\/div><\/div><div class='ufaq-faq-div ufaq-faq-column-count-One ufaq-faq-responsive-columns- ufaq-faq-display-style-Default' id='ufaq-post-iIe-347-14' data-postid='iIe-347-14'><div class='ufaq-faq-title ufaq-faq-toggle' id='ufaq-title-347' data-postid='iIe-347-14'><a class='ewd-ufaq-post-margin'  href='https:\/\/forrajeraelizondo.com\/index.php\/ufaqs\/tengo-una-parcela-sembrada-con-sorgo-y-el-vecino-tiene-plaga-de-gusano-que-me-recomiendan\/'><div class='ewd-ufaq-post-margin-symbol ' id='ewd-ufaq-post-margin-symbol-iIe-347-14'><span id='ewd-ufaq-post-symbol-iIe-347-14'>a<\/span><\/div><div class='ufaq-faq-title-text'><h4>Tengo una parcela sembrada con sorgo y el vecino tiene plaga de gusano \u00bfQu\u00e9 me recomiendan?<\/h4><\/div><div class='ewd-ufaq-clear'><\/div><\/a><\/div><div class='ufaq-faq-body ufaq-body-347 ewd-ufaq-hidden' id='ufaq-body-iIe-347-14'><div class='ewd-ufaq-post-margin ufaq-faq-post' id='ufaq-post-347'><p>Le recomendamos el Polpirifos  y el Fipol 200.<\/p>\n<\/div><div class='ufaq-faq-categories' id='ufaq-categories-347'>Category: <a  href='\/index.php\/wp-json\/wp\/v2\/pages\/447?include_category=plaguicidas'>Plaguicidas<\/a><\/div><div class='ufaq-permalink'><a href='https:\/\/forrajeraelizondo.com\/index.php\/faqs-plaguicidas\/?Display_FAQ=347'>Permalink<div class='ufaq-permalink-image'><\/div><\/a><\/div><\/div><\/div><div class='ufaq-faq-div ufaq-faq-column-count-One ufaq-faq-responsive-columns- ufaq-faq-display-style-Default' id='ufaq-post-iIe-346-15' data-postid='iIe-346-15'><div class='ufaq-faq-title ufaq-faq-toggle' id='ufaq-title-346' data-postid='iIe-346-15'><a class='ewd-ufaq-post-margin'  href='https:\/\/forrajeraelizondo.com\/index.php\/ufaqs\/tengo-sembrado-una-pasta-de-sorgo-forrajero-pero-se-lleno-de-quelite-como-le-hago-para-matar-el-quelite\/'><div class='ewd-ufaq-post-margin-symbol ' id='ewd-ufaq-post-margin-symbol-iIe-346-15'><span id='ewd-ufaq-post-symbol-iIe-346-15'>a<\/span><\/div><div class='ufaq-faq-title-text'><h4>Tengo sembrado una pasta de sorgo forrajero pero se lleno de quelite \u00bfC\u00f3mo le hago para matar el quelite?<\/h4><\/div><div class='ewd-ufaq-clear'><\/div><\/a><\/div><div class='ufaq-faq-body ufaq-body-346 ewd-ufaq-hidden' id='ufaq-body-iIe-346-15'><div class='ewd-ufaq-post-margin ufaq-faq-post' id='ufaq-post-346'><p>Se le puede aplicar el Herbipol 4-EB 1 l por hect\u00e1rea.<\/p>\n<\/div><div class='ufaq-faq-categories' id='ufaq-categories-346'>Category: <a  href='\/index.php\/wp-json\/wp\/v2\/pages\/447?include_category=plaguicidas'>Plaguicidas<\/a><\/div><div class='ufaq-permalink'><a href='https:\/\/forrajeraelizondo.com\/index.php\/faqs-plaguicidas\/?Display_FAQ=346'>Permalink<div class='ufaq-permalink-image'><\/div><\/a><\/div><\/div><\/div><\/div><\/div><\/div><\/div><div class='ewd-ufaq-bottom ewd-ufaq-page-type-Load_More' data-currentpage='0'><form><input type='hidden' name='include_category' value='plaguicidas' id='ufaq-include-category' \/><input type='hidden' name='exclude_category' value='' id='ufaq-exclude-category' \/><input type='hidden' name='orderby' value='date' id='ufaq-orderby' \/><input type='hidden' name='order' value='DESC' id='ufaq-order' \/><input type='hidden' name='post_count' value='-1' id='ufaq-post-count' \/><input type='hidden' name='current_url' value='\/index.php\/wp-json\/wp\/v2\/pages\/447' id='ufaq-current-url' \/><\/form><div class='ewd-ufaq-load-more ewd-ufaq-hidden'><h4>Load More<\/h4><\/div><\/div>[\/vc_column_text][\/vc_column][\/vc_row][vc_row][vc_column][vc_btn title=&#8221;Regresar&#8221; link=&#8221;url:http%3A%2F%2Fforrajeraelizondo.com%2Findex.php%2Fplagicidas-agricolas%2F|title:Plagicidas%20Agricolas||&#8221;][\/vc_column][\/vc_row]<\/p>\n","protected":false},"excerpt":{"rendered":"<p>[vc_row][vc_column][vc_column_text][\/vc_column_text][\/vc_column][\/vc_row][vc_row][vc_column][vc_btn title=&#8221;Regresar&#8221; link=&#8221;url:http%3A%2F%2Fforrajeraelizondo.com%2Findex.php%2Fplagicidas-agricolas%2F|title:Plagicidas%20Agricolas||&#8221;][\/vc_column][\/vc_row]<\/p>\n","protected":false},"author":1,"featured_media":0,"parent":0,"menu_order":0,"comment_status":"closed","ping_status":"closed","template":"","meta":[],"_links":{"self":[{"href":"https:\/\/forrajeraelizondo.com\/index.php\/wp-json\/wp\/v2\/pages\/447"}],"collection":[{"href":"https:\/\/forrajeraelizondo.com\/index.php\/wp-json\/wp\/v2\/pages"}],"about":[{"href":"https:\/\/forrajeraelizondo.com\/index.php\/wp-json\/wp\/v2\/types\/page"}],"author":[{"embeddable":true,"href":"https:\/\/forrajeraelizondo.com\/index.php\/wp-json\/wp\/v2\/users\/1"}],"replies":[{"embeddable":true,"href":"https:\/\/forrajeraelizondo.com\/index.php\/wp-json\/wp\/v2\/comments?post=447"}],"version-history":[{"count":2,"href":"https:\/\/forrajeraelizondo.com\/index.php\/wp-json\/wp\/v2\/pages\/447\/revisions"}],"predecessor-version":[{"id":484,"href":"https:\/\/forrajeraelizondo.com\/index.php\/wp-json\/wp\/v2\/pages\/447\/revisions\/484"}],"wp:attachment":[{"href":"https:\/\/forrajeraelizondo.com\/index.php\/wp-json\/wp\/v2\/media?parent=447"}],"curies":[{"name":"wp","href":"https:\/\/api.w.org\/{rel}","templated":true}]}}