{"id":436,"date":"2020-02-12T15:09:39","date_gmt":"2020-02-12T15:09:39","guid":{"rendered":"http:\/\/forrajeraelizondo.com\/?page_id=436"},"modified":"2020-02-12T16:29:32","modified_gmt":"2020-02-12T16:29:32","slug":"faqs-fertilizantes","status":"publish","type":"page","link":"https:\/\/forrajeraelizondo.com\/index.php\/faqs-fertilizantes\/","title":{"rendered":"FAQS Fertilizantes"},"content":{"rendered":"<p>[vc_row][vc_column][vc_column_text]<div class='ufaq-faq-list' id='ufaq-faq-list'><style>.ewd-ufaq-post-margin-symbol { }\n.ewd-ufaq-post-margin-symbol span { }\n.ufaq-faq-display-style-Block.ewd-ufaq-post-active, .ufaq-faq-display-style-Block.ewd-ufaq-post-active a,.ufaq-faq-display-style-Block:hover, .ufaq-faq-display-style-Block:hover a, .ufaq-faq-display-style-Block:hover h4 { }\n.ufaq-faq-display-style-Border_Block.ewd-ufaq-post-active, .ufaq-faq-display-style-Border_Block:hover, .ufaq-faq-display-style-Border_Block:hover h1, .ufaq-faq-display-style-Border_Block:hover h2, .ufaq-faq-display-style-Border_Block:hover h3, .ufaq-faq-display-style-Border_Block:hover h4, .ufaq-faq-display-style-Border_Block:hover h5, .ufaq-faq-display-style-Border_Block:hover h6 { }\n.ufaq-faq-display-style-Border_Block .ufaq-faq-body { }\n.ufaq-faq-display-style-Border_Block .comment-reply-title, .ufaq-faq-display-style-Border_Block:hover .comment-reply-title { background-color: transparent !important;}\ndiv.ufaq-faq-category-title h4 h4 { }\n.ufaq-faq-header-title a{ }\ndiv.ufaq-faq-title h4 { }\n.ewd-ufaq-post-margin-symbol { }\ndiv.ufaq-faq-post p { }\ndiv.ufaq-faq-body, .ufaq-faq-display-style-Border_Block .ufaq-faq-body { }\ndiv.ewd-ufaq-author-date { }\ndiv.ufaq-faq-categories, div.ufaq-faq-tags { }\n<\/style><script language='JavaScript' type='text\/javascript'>var faq_accordion = true;var faq_scroll = false;var reveal_effect = 'none';<\/script><div class='ewd-ufaq-faqs'><div class='ufaq-faq-category'><div class='ufaq-faq-category-title' data-categoryid='39-yeD'><h4>Fertilizantes<\/span><\/h4><\/div><div class='ufaq-faq-category-inner' id='ufaq-faq-category-body-39-yeD'><div class='ufaq-faq-div ufaq-faq-column-count-One ufaq-faq-responsive-columns- ufaq-faq-display-style-Default' id='ufaq-post-yeD-345-0' data-postid='yeD-345-0'><div class='ufaq-faq-title ufaq-faq-toggle' id='ufaq-title-345' data-postid='yeD-345-0'><a class='ewd-ufaq-post-margin'  href='https:\/\/forrajeraelizondo.com\/index.php\/ufaqs\/manejan-algun-bufferisante\/'><div class='ewd-ufaq-post-margin-symbol ' id='ewd-ufaq-post-margin-symbol-yeD-345-0'><span id='ewd-ufaq-post-symbol-yeD-345-0'>a<\/span><\/div><div class='ufaq-faq-title-text'><h4>\u00bfManejan alg\u00fan bufferisante?<\/h4><\/div><div class='ewd-ufaq-clear'><\/div><\/a><\/div><div class='ufaq-faq-body ufaq-body-345 ewd-ufaq-hidden' id='ufaq-body-yeD-345-0'><div class='ewd-ufaq-post-margin ufaq-faq-post' id='ufaq-post-345'><p>Si, manejamos el Basfoliar Buffer, es una soluci\u00f3n bufferizante que baja el PH y dureza de aguas alcalinas favoreciendo la efectividad de los productos fitosanitariois y fertilizantes foliares, adem\u00e1s de tener fuerte acci\u00f3n surfactante y elementos como fosforo, magnesio y zinc.<\/p>\n<\/div><div class='ufaq-faq-categories' id='ufaq-categories-345'>Category: <a  href='\/index.php\/wp-json\/wp\/v2\/pages\/436?include_category=fertilizantes'>Fertilizantes<\/a><\/div><div class='ufaq-permalink'><a href='https:\/\/forrajeraelizondo.com\/index.php\/faqs-fertilizantes\/?Display_FAQ=345'>Permalink<div class='ufaq-permalink-image'><\/div><\/a><\/div><\/div><\/div><div class='ufaq-faq-div ufaq-faq-column-count-One ufaq-faq-responsive-columns- ufaq-faq-display-style-Default' id='ufaq-post-yeD-344-1' data-postid='yeD-344-1'><div class='ufaq-faq-title ufaq-faq-toggle' id='ufaq-title-344' data-postid='yeD-344-1'><a class='ewd-ufaq-post-margin'  href='https:\/\/forrajeraelizondo.com\/index.php\/ufaqs\/cuentan-con-algun-enraizador\/'><div class='ewd-ufaq-post-margin-symbol ' id='ewd-ufaq-post-margin-symbol-yeD-344-1'><span id='ewd-ufaq-post-symbol-yeD-344-1'>a<\/span><\/div><div class='ufaq-faq-title-text'><h4>\u00bfCuentan con alg\u00fan enraizador?<\/h4><\/div><div class='ewd-ufaq-clear'><\/div><\/a><\/div><div class='ufaq-faq-body ufaq-body-344 ewd-ufaq-hidden' id='ufaq-body-yeD-344-1'><div class='ewd-ufaq-post-margin ufaq-faq-post' id='ufaq-post-344'><p>Si, manejamos el Basfoliar Roots que es un concentrado l\u00edquido a base de algas marinas con un alto contenido de auxinas y amino\u00e1cidos.<\/p>\n<\/div><div class='ufaq-faq-categories' id='ufaq-categories-344'>Category: <a  href='\/index.php\/wp-json\/wp\/v2\/pages\/436?include_category=fertilizantes'>Fertilizantes<\/a><\/div><div class='ufaq-permalink'><a href='https:\/\/forrajeraelizondo.com\/index.php\/faqs-fertilizantes\/?Display_FAQ=344'>Permalink<div class='ufaq-permalink-image'><\/div><\/a><\/div><\/div><\/div><div class='ufaq-faq-div ufaq-faq-column-count-One ufaq-faq-responsive-columns- ufaq-faq-display-style-Default' id='ufaq-post-yeD-343-2' data-postid='yeD-343-2'><div class='ufaq-faq-title ufaq-faq-toggle' id='ufaq-title-343' data-postid='yeD-343-2'><a class='ewd-ufaq-post-margin'  href='https:\/\/forrajeraelizondo.com\/index.php\/ufaqs\/manejan-fertilizantes-especializados-para-arboles-ornamentales-y-frutales\/'><div class='ewd-ufaq-post-margin-symbol ' id='ewd-ufaq-post-margin-symbol-yeD-343-2'><span id='ewd-ufaq-post-symbol-yeD-343-2'>a<\/span><\/div><div class='ufaq-faq-title-text'><h4>\u00bfManejan Fertilizantes especializados para arboles ornamentales y frutales?<\/h4><\/div><div class='ewd-ufaq-clear'><\/div><\/a><\/div><div class='ufaq-faq-body ufaq-body-343 ewd-ufaq-hidden' id='ufaq-body-yeD-343-2'><div class='ewd-ufaq-post-margin ufaq-faq-post' id='ufaq-post-343'><p>Si, contamos con una amplia l\u00ednea de productos especializados de lenta liberaci\u00f3n, como son el Basacote 3M, Basacote 6M y Basacote 9M que se liberan en 3, 6 y 9 meses respectivamente, adem\u00e1s contamos con Nutriforest que dura 1 a\u00f1o.<\/p>\n<\/div><div class='ufaq-faq-categories' id='ufaq-categories-343'>Category: <a  href='\/index.php\/wp-json\/wp\/v2\/pages\/436?include_category=fertilizantes'>Fertilizantes<\/a><\/div><div class='ufaq-permalink'><a href='https:\/\/forrajeraelizondo.com\/index.php\/faqs-fertilizantes\/?Display_FAQ=343'>Permalink<div class='ufaq-permalink-image'><\/div><\/a><\/div><\/div><\/div><div class='ufaq-faq-div ufaq-faq-column-count-One ufaq-faq-responsive-columns- ufaq-faq-display-style-Default' id='ufaq-post-yeD-342-3' data-postid='yeD-342-3'><div class='ufaq-faq-title ufaq-faq-toggle' id='ufaq-title-342' data-postid='yeD-342-3'><a class='ewd-ufaq-post-margin'  href='https:\/\/forrajeraelizondo.com\/index.php\/ufaqs\/manejan-fertilizantes-quelatados\/'><div class='ewd-ufaq-post-margin-symbol ' id='ewd-ufaq-post-margin-symbol-yeD-342-3'><span id='ewd-ufaq-post-symbol-yeD-342-3'>a<\/span><\/div><div class='ufaq-faq-title-text'><h4>\u00bfManejan Fertilizantes quelatados?<\/h4><\/div><div class='ewd-ufaq-clear'><\/div><\/a><\/div><div class='ufaq-faq-body ufaq-body-342 ewd-ufaq-hidden' id='ufaq-body-yeD-342-3'><div class='ewd-ufaq-post-margin ufaq-faq-post' id='ufaq-post-342'><p>Si, manejamos el Fertilon Combi2 que tienen fierro, cobre, zinc y manganeso 100% quelatados con EDTA, adem\u00e1s contamos con el Basafer Plus que contiene hierro con EDDHA.<\/p>\n<\/div><div class='ufaq-faq-categories' id='ufaq-categories-342'>Category: <a  href='\/index.php\/wp-json\/wp\/v2\/pages\/436?include_category=fertilizantes'>Fertilizantes<\/a><\/div><div class='ufaq-permalink'><a href='https:\/\/forrajeraelizondo.com\/index.php\/faqs-fertilizantes\/?Display_FAQ=342'>Permalink<div class='ufaq-permalink-image'><\/div><\/a><\/div><\/div><\/div><div class='ufaq-faq-div ufaq-faq-column-count-One ufaq-faq-responsive-columns- ufaq-faq-display-style-Default' id='ufaq-post-yeD-341-4' data-postid='yeD-341-4'><div class='ufaq-faq-title ufaq-faq-toggle' id='ufaq-title-341' data-postid='yeD-341-4'><a class='ewd-ufaq-post-margin'  href='https:\/\/forrajeraelizondo.com\/index.php\/ufaqs\/manejan-fertilizantes-especializados-para-campos-deportivos-o-puros-fertilizantes-agricolas\/'><div class='ewd-ufaq-post-margin-symbol ' id='ewd-ufaq-post-margin-symbol-yeD-341-4'><span id='ewd-ufaq-post-symbol-yeD-341-4'>a<\/span><\/div><div class='ufaq-faq-title-text'><h4>\u00bfManejan Fertilizantes  especializados para campos deportivos o puros fertilizantes agr\u00edcolas?<\/h4><\/div><div class='ewd-ufaq-clear'><\/div><\/a><\/div><div class='ufaq-faq-body ufaq-body-341 ewd-ufaq-hidden' id='ufaq-body-yeD-341-4'><div class='ewd-ufaq-post-margin ufaq-faq-post' id='ufaq-post-341'><p>En nuestro portafolio de productos adem\u00e1s de la l\u00ednea agr\u00edcola manejamos una l\u00ednea completa especializada para campos deportivos y \u00e1reas verdes en general.<\/p>\n<\/div><div class='ufaq-faq-categories' id='ufaq-categories-341'>Category: <a  href='\/index.php\/wp-json\/wp\/v2\/pages\/436?include_category=fertilizantes'>Fertilizantes<\/a><\/div><div class='ufaq-permalink'><a href='https:\/\/forrajeraelizondo.com\/index.php\/faqs-fertilizantes\/?Display_FAQ=341'>Permalink<div class='ufaq-permalink-image'><\/div><\/a><\/div><\/div><\/div><div class='ufaq-faq-div ufaq-faq-column-count-One ufaq-faq-responsive-columns- ufaq-faq-display-style-Default' id='ufaq-post-yeD-340-5' data-postid='yeD-340-5'><div class='ufaq-faq-title ufaq-faq-toggle' id='ufaq-title-340' data-postid='yeD-340-5'><a class='ewd-ufaq-post-margin'  href='https:\/\/forrajeraelizondo.com\/index.php\/ufaqs\/manejan-mejoradores-de-suelo\/'><div class='ewd-ufaq-post-margin-symbol ' id='ewd-ufaq-post-margin-symbol-yeD-340-5'><span id='ewd-ufaq-post-symbol-yeD-340-5'>a<\/span><\/div><div class='ufaq-faq-title-text'><h4>\u00bfManejan mejoradores de suelo?<\/h4><\/div><div class='ewd-ufaq-clear'><\/div><\/a><\/div><div class='ufaq-faq-body ufaq-body-340 ewd-ufaq-hidden' id='ufaq-body-yeD-340-5'><div class='ewd-ufaq-post-margin ufaq-faq-post' id='ufaq-post-340'><p>Si, manejamos Agrosil LR, es un mejorante de suelo a base de silicato amorfo enriquecido con fosforo.<\/p>\n<\/div><div class='ufaq-faq-categories' id='ufaq-categories-340'>Category: <a  href='\/index.php\/wp-json\/wp\/v2\/pages\/436?include_category=fertilizantes'>Fertilizantes<\/a><\/div><div class='ufaq-permalink'><a href='https:\/\/forrajeraelizondo.com\/index.php\/faqs-fertilizantes\/?Display_FAQ=340'>Permalink<div class='ufaq-permalink-image'><\/div><\/a><\/div><\/div><\/div><div class='ufaq-faq-div ufaq-faq-column-count-One ufaq-faq-responsive-columns- ufaq-faq-display-style-Default' id='ufaq-post-yeD-339-6' data-postid='yeD-339-6'><div class='ufaq-faq-title ufaq-faq-toggle' id='ufaq-title-339' data-postid='yeD-339-6'><a class='ewd-ufaq-post-margin'  href='https:\/\/forrajeraelizondo.com\/index.php\/ufaqs\/manejan-fertilizantes-para-greenes-de-campos-de-golf\/'><div class='ewd-ufaq-post-margin-symbol ' id='ewd-ufaq-post-margin-symbol-yeD-339-6'><span id='ewd-ufaq-post-symbol-yeD-339-6'>a<\/span><\/div><div class='ufaq-faq-title-text'><h4>\u00bfManejan Fertilizantes para Greenes de Campos de Golf?<\/h4><\/div><div class='ewd-ufaq-clear'><\/div><\/a><\/div><div class='ufaq-faq-body ufaq-body-339 ewd-ufaq-hidden' id='ufaq-body-yeD-339-6'><div class='ewd-ufaq-post-margin ufaq-faq-post' id='ufaq-post-339'><p>Si, manejamos el floranid master extra, con un tama\u00f1o de part\u00edcula que va de 0.5 a 1.8 mil\u00edmetros para no interferir con la bola.<\/p>\n<\/div><div class='ufaq-faq-categories' id='ufaq-categories-339'>Category: <a  href='\/index.php\/wp-json\/wp\/v2\/pages\/436?include_category=fertilizantes'>Fertilizantes<\/a><\/div><div class='ufaq-permalink'><a href='https:\/\/forrajeraelizondo.com\/index.php\/faqs-fertilizantes\/?Display_FAQ=339'>Permalink<div class='ufaq-permalink-image'><\/div><\/a><\/div><\/div><\/div><div class='ufaq-faq-div ufaq-faq-column-count-One ufaq-faq-responsive-columns- ufaq-faq-display-style-Default' id='ufaq-post-yeD-338-7' data-postid='yeD-338-7'><div class='ufaq-faq-title ufaq-faq-toggle' id='ufaq-title-338' data-postid='yeD-338-7'><a class='ewd-ufaq-post-margin'  href='https:\/\/forrajeraelizondo.com\/index.php\/ufaqs\/manejan-fertilizantes-de-lenta-liberacion\/'><div class='ewd-ufaq-post-margin-symbol ' id='ewd-ufaq-post-margin-symbol-yeD-338-7'><span id='ewd-ufaq-post-symbol-yeD-338-7'>a<\/span><\/div><div class='ufaq-faq-title-text'><h4>\u00bfManejan Fertilizantes de lenta liberaci\u00f3n?<\/h4><\/div><div class='ewd-ufaq-clear'><\/div><\/a><\/div><div class='ufaq-faq-body ufaq-body-338 ewd-ufaq-hidden' id='ufaq-body-yeD-338-7'><div class='ewd-ufaq-post-margin ufaq-faq-post' id='ufaq-post-338'><p>Si, algunos de los Fertilizantes que manejamos cuentan con una mol\u00e9cula llamada ISODUR que son retardadores de la nitrificaci\u00f3n.<\/p>\n<\/div><div class='ufaq-faq-categories' id='ufaq-categories-338'>Category: <a  href='\/index.php\/wp-json\/wp\/v2\/pages\/436?include_category=fertilizantes'>Fertilizantes<\/a><\/div><div class='ufaq-permalink'><a href='https:\/\/forrajeraelizondo.com\/index.php\/faqs-fertilizantes\/?Display_FAQ=338'>Permalink<div class='ufaq-permalink-image'><\/div><\/a><\/div><\/div><\/div><div class='ufaq-faq-div ufaq-faq-column-count-One ufaq-faq-responsive-columns- ufaq-faq-display-style-Default' id='ufaq-post-yeD-337-8' data-postid='yeD-337-8'><div class='ufaq-faq-title ufaq-faq-toggle' id='ufaq-title-337' data-postid='yeD-337-8'><a class='ewd-ufaq-post-margin'  href='https:\/\/forrajeraelizondo.com\/index.php\/ufaqs\/manejan-fertilizantes-solubles\/'><div class='ewd-ufaq-post-margin-symbol ' id='ewd-ufaq-post-margin-symbol-yeD-337-8'><span id='ewd-ufaq-post-symbol-yeD-337-8'>a<\/span><\/div><div class='ufaq-faq-title-text'><h4>\u00bfManejan Fertilizantes solubles?<\/h4><\/div><div class='ewd-ufaq-clear'><\/div><\/a><\/div><div class='ufaq-faq-body ufaq-body-337 ewd-ufaq-hidden' id='ufaq-body-yeD-337-8'><div class='ewd-ufaq-post-margin ufaq-faq-post' id='ufaq-post-337'><p>Si, tenemos desde los convencionales hasta los muy especializados enfocados a cada una de las etapas de desarrollo vegetativo de los cultivos, principalmente invernaderos o siembras de alta tecnolog\u00eda con cintilla.<\/p>\n<\/div><div class='ufaq-faq-categories' id='ufaq-categories-337'>Category: <a  href='\/index.php\/wp-json\/wp\/v2\/pages\/436?include_category=fertilizantes'>Fertilizantes<\/a><\/div><div class='ufaq-permalink'><a href='https:\/\/forrajeraelizondo.com\/index.php\/faqs-fertilizantes\/?Display_FAQ=337'>Permalink<div class='ufaq-permalink-image'><\/div><\/a><\/div><\/div><\/div><div class='ufaq-faq-div ufaq-faq-column-count-One ufaq-faq-responsive-columns- ufaq-faq-display-style-Default' id='ufaq-post-yeD-336-9' data-postid='yeD-336-9'><div class='ufaq-faq-title ufaq-faq-toggle' id='ufaq-title-336' data-postid='yeD-336-9'><a class='ewd-ufaq-post-margin'  href='https:\/\/forrajeraelizondo.com\/index.php\/ufaqs\/manejan-fertilizantes-foliares\/'><div class='ewd-ufaq-post-margin-symbol ' id='ewd-ufaq-post-margin-symbol-yeD-336-9'><span id='ewd-ufaq-post-symbol-yeD-336-9'>a<\/span><\/div><div class='ufaq-faq-title-text'><h4>\u00bfManejan Fertilizantes foliares?<\/h4><\/div><div class='ewd-ufaq-clear'><\/div><\/a><\/div><div class='ufaq-faq-body ufaq-body-336 ewd-ufaq-hidden' id='ufaq-body-yeD-336-9'><div class='ewd-ufaq-post-margin ufaq-faq-post' id='ufaq-post-336'><p>Si, manejamos Fertilizantes foliares, org\u00e1nicos e inorg\u00e1nicos, bioreguladores, estimulantes de crecimiento y desarrollo vegetal para todo  tipo de  cultivos, incluyendo invernaderos y jardines.<\/p>\n<\/div><div class='ufaq-faq-categories' id='ufaq-categories-336'>Category: <a  href='\/index.php\/wp-json\/wp\/v2\/pages\/436?include_category=fertilizantes'>Fertilizantes<\/a><\/div><div class='ufaq-permalink'><a href='https:\/\/forrajeraelizondo.com\/index.php\/faqs-fertilizantes\/?Display_FAQ=336'>Permalink<div class='ufaq-permalink-image'><\/div><\/a><\/div><\/div><\/div><\/div><\/div><\/div><\/div><div class='ewd-ufaq-bottom ewd-ufaq-page-type-Load_More' data-currentpage='0'><form><input type='hidden' name='include_category' value='fertilizantes' id='ufaq-include-category' \/><input type='hidden' name='exclude_category' value='' id='ufaq-exclude-category' \/><input type='hidden' name='orderby' value='date' id='ufaq-orderby' \/><input type='hidden' name='order' value='DESC' id='ufaq-order' \/><input type='hidden' name='post_count' value='-1' id='ufaq-post-count' \/><input type='hidden' name='current_url' value='\/index.php\/wp-json\/wp\/v2\/pages\/436' id='ufaq-current-url' \/><\/form><div class='ewd-ufaq-load-more ewd-ufaq-hidden'><h4>Load More<\/h4><\/div><\/div>[\/vc_column_text][\/vc_column][\/vc_row][vc_row][vc_column][vc_btn title=&#8221;Regresar&#8221; link=&#8221;url:http%3A%2F%2Fforrajeraelizondo.com%2Findex.php%2Ffertilizantes-areas-verdes-y-jardines%2F|title:Fertilizantes%20%C3%81reas%20Verdes%20y%20Jardines||&#8221;][\/vc_column][\/vc_row]<\/p>\n","protected":false},"excerpt":{"rendered":"<p>[vc_row][vc_column][vc_column_text][\/vc_column_text][\/vc_column][\/vc_row][vc_row][vc_column][vc_btn title=&#8221;Regresar&#8221; link=&#8221;url:http%3A%2F%2Fforrajeraelizondo.com%2Findex.php%2Ffertilizantes-areas-verdes-y-jardines%2F|title:Fertilizantes%20%C3%81reas%20Verdes%20y%20Jardines||&#8221;][\/vc_column][\/vc_row]<\/p>\n","protected":false},"author":1,"featured_media":0,"parent":0,"menu_order":0,"comment_status":"closed","ping_status":"closed","template":"","meta":[],"_links":{"self":[{"href":"https:\/\/forrajeraelizondo.com\/index.php\/wp-json\/wp\/v2\/pages\/436"}],"collection":[{"href":"https:\/\/forrajeraelizondo.com\/index.php\/wp-json\/wp\/v2\/pages"}],"about":[{"href":"https:\/\/forrajeraelizondo.com\/index.php\/wp-json\/wp\/v2\/types\/page"}],"author":[{"embeddable":true,"href":"https:\/\/forrajeraelizondo.com\/index.php\/wp-json\/wp\/v2\/users\/1"}],"replies":[{"embeddable":true,"href":"https:\/\/forrajeraelizondo.com\/index.php\/wp-json\/wp\/v2\/comments?post=436"}],"version-history":[{"count":2,"href":"https:\/\/forrajeraelizondo.com\/index.php\/wp-json\/wp\/v2\/pages\/436\/revisions"}],"predecessor-version":[{"id":481,"href":"https:\/\/forrajeraelizondo.com\/index.php\/wp-json\/wp\/v2\/pages\/436\/revisions\/481"}],"wp:attachment":[{"href":"https:\/\/forrajeraelizondo.com\/index.php\/wp-json\/wp\/v2\/media?parent=436"}],"curies":[{"name":"wp","href":"https:\/\/api.w.org\/{rel}","templated":true}]}}