{"id":432,"date":"2020-02-12T15:06:44","date_gmt":"2020-02-12T15:06:44","guid":{"rendered":"http:\/\/forrajeraelizondo.com\/?page_id=432"},"modified":"2020-02-12T16:28:32","modified_gmt":"2020-02-12T16:28:32","slug":"faqs-fauna-silvestre","status":"publish","type":"page","link":"https:\/\/forrajeraelizondo.com\/index.php\/faqs-fauna-silvestre\/","title":{"rendered":"FAQS Fauna Silvestre"},"content":{"rendered":"<p>[vc_row][vc_column][vc_column_text]<div class='ufaq-faq-list' id='ufaq-faq-list'><style>.ewd-ufaq-post-margin-symbol { }\n.ewd-ufaq-post-margin-symbol span { }\n.ufaq-faq-display-style-Block.ewd-ufaq-post-active, .ufaq-faq-display-style-Block.ewd-ufaq-post-active a,.ufaq-faq-display-style-Block:hover, .ufaq-faq-display-style-Block:hover a, .ufaq-faq-display-style-Block:hover h4 { }\n.ufaq-faq-display-style-Border_Block.ewd-ufaq-post-active, .ufaq-faq-display-style-Border_Block:hover, .ufaq-faq-display-style-Border_Block:hover h1, .ufaq-faq-display-style-Border_Block:hover h2, .ufaq-faq-display-style-Border_Block:hover h3, .ufaq-faq-display-style-Border_Block:hover h4, .ufaq-faq-display-style-Border_Block:hover h5, .ufaq-faq-display-style-Border_Block:hover h6 { }\n.ufaq-faq-display-style-Border_Block .ufaq-faq-body { }\n.ufaq-faq-display-style-Border_Block .comment-reply-title, .ufaq-faq-display-style-Border_Block:hover .comment-reply-title { background-color: transparent !important;}\ndiv.ufaq-faq-category-title h4 h4 { }\n.ufaq-faq-header-title a{ }\ndiv.ufaq-faq-title h4 { }\n.ewd-ufaq-post-margin-symbol { }\ndiv.ufaq-faq-post p { }\ndiv.ufaq-faq-body, .ufaq-faq-display-style-Border_Block .ufaq-faq-body { }\ndiv.ewd-ufaq-author-date { }\ndiv.ufaq-faq-categories, div.ufaq-faq-tags { }\n<\/style><script language='JavaScript' type='text\/javascript'>var faq_accordion = true;var faq_scroll = false;var reveal_effect = 'none';<\/script><div class='ewd-ufaq-faqs'><div class='ufaq-faq-category'><div class='ufaq-faq-category-title' data-categoryid='33-ChS'><h4>Fauna Silvestre<\/span><\/h4><\/div><div class='ufaq-faq-category-inner' id='ufaq-faq-category-body-33-ChS'><div class='ufaq-faq-div ufaq-faq-column-count-One ufaq-faq-responsive-columns- ufaq-faq-display-style-Default' id='ufaq-post-ChS-415-0' data-postid='ChS-415-0'><div class='ufaq-faq-title ufaq-faq-toggle' id='ufaq-title-415' data-postid='ChS-415-0'><a class='ewd-ufaq-post-margin'  href='https:\/\/forrajeraelizondo.com\/index.php\/ufaqs\/tiene-un-alimento-que-pueda-utilizar-para-mis-venados-durante-todo-el-ano-y-que-lo-pueda-administrar-durante-los-periodos-de-sequia-y-en-la-epoca-de-reproduccion\/'><div class='ewd-ufaq-post-margin-symbol ' id='ewd-ufaq-post-margin-symbol-ChS-415-0'><span id='ewd-ufaq-post-symbol-ChS-415-0'>a<\/span><\/div><div class='ufaq-faq-title-text'><h4>\u00bfTiene un alimento que pueda utilizar para mis venados durante todo el a\u00f1o y que lo pueda administrar durante los periodos de sequ\u00eda y en la \u00e9poca de reproducci\u00f3n?<\/h4><\/div><div class='ewd-ufaq-clear'><\/div><\/a><\/div><div class='ufaq-faq-body ufaq-body-415 ewd-ufaq-hidden' id='ufaq-body-ChS-415-0'><div class='ewd-ufaq-post-margin ufaq-faq-post' id='ufaq-post-415'><p>El Compensador Virginiano se recomienda utilizar durante todo el a\u00f1o, en especial en las \u00e9pocas de sequ\u00eda as\u00ed como en la \u00e9poca de reproducci\u00f3n. Suministrar este suplemento a libre acceso, buscando consumos no menores de 20 grs.\/animal adulto\/d\u00eda.<\/p>\n<\/div><div class='ufaq-faq-categories' id='ufaq-categories-415'>Category: <a  href='\/index.php\/wp-json\/wp\/v2\/pages\/432?include_category=fauna-silvestre'>Fauna Silvestre<\/a><\/div><div class='ufaq-permalink'><a href='https:\/\/forrajeraelizondo.com\/index.php\/faqs-fauna-silvestre\/?Display_FAQ=415'>Permalink<div class='ufaq-permalink-image'><\/div><\/a><\/div><\/div><\/div><div class='ufaq-faq-div ufaq-faq-column-count-One ufaq-faq-responsive-columns- ufaq-faq-display-style-Default' id='ufaq-post-ChS-414-1' data-postid='ChS-414-1'><div class='ufaq-faq-title ufaq-faq-toggle' id='ufaq-title-414' data-postid='ChS-414-1'><a class='ewd-ufaq-post-margin'  href='https:\/\/forrajeraelizondo.com\/index.php\/ufaqs\/tengo-un-rancho-cinegetico-en-donde-tengo-venados-hembras-con-sus-crias-que-alimento-me-recomiendan\/'><div class='ewd-ufaq-post-margin-symbol ' id='ewd-ufaq-post-margin-symbol-ChS-414-1'><span id='ewd-ufaq-post-symbol-ChS-414-1'>a<\/span><\/div><div class='ufaq-faq-title-text'><h4>Tengo un Rancho cineg\u00e9tico en donde tengo venados hembras con sus cr\u00edas \u00bfQu\u00e9 alimento me recomiendan?<\/h4><\/div><div class='ewd-ufaq-clear'><\/div><\/a><\/div><div class='ufaq-faq-body ufaq-body-414 ewd-ufaq-hidden' id='ufaq-body-ChS-414-1'><div class='ewd-ufaq-post-margin ufaq-faq-post' id='ufaq-post-414'><p>El Virginiano 20 el cual viene con un alto porcentaje de prote\u00edna siempre acompa\u00f1ado de forraje de buena calidad.<br \/>\nVIRGINIANO 20 a venados (o c\u00e9rvidos en general) lactantes en agostaderos a libre acceso. Los consumos pudieran variar  dependiendo de la \u00e9poca del a\u00f1o, peso de los animales,  estado fisiol\u00f3gico, calidad del forraje y otros factores. VIRGINIANO 20 puede ser utilizado en venados (o c\u00e9rvidos en general)  confinados administrando adem\u00e1s suficiente forraje de buena calidad. Mantenga agua limpia y fresca todo el tiempo.<\/p>\n<\/div><div class='ufaq-faq-categories' id='ufaq-categories-414'>Category: <a  href='\/index.php\/wp-json\/wp\/v2\/pages\/432?include_category=fauna-silvestre'>Fauna Silvestre<\/a><\/div><div class='ufaq-permalink'><a href='https:\/\/forrajeraelizondo.com\/index.php\/faqs-fauna-silvestre\/?Display_FAQ=414'>Permalink<div class='ufaq-permalink-image'><\/div><\/a><\/div><\/div><\/div><div class='ufaq-faq-div ufaq-faq-column-count-One ufaq-faq-responsive-columns- ufaq-faq-display-style-Default' id='ufaq-post-ChS-413-2' data-postid='ChS-413-2'><div class='ufaq-faq-title ufaq-faq-toggle' id='ufaq-title-413' data-postid='ChS-413-2'><a class='ewd-ufaq-post-margin'  href='https:\/\/forrajeraelizondo.com\/index.php\/ufaqs\/hay-maiz-para-venados\/'><div class='ewd-ufaq-post-margin-symbol ' id='ewd-ufaq-post-margin-symbol-ChS-413-2'><span id='ewd-ufaq-post-symbol-ChS-413-2'>a<\/span><\/div><div class='ufaq-faq-title-text'><h4>\u00bfHay ma\u00edz para venados?<\/h4><\/div><div class='ewd-ufaq-clear'><\/div><\/a><\/div><div class='ufaq-faq-body ufaq-body-413 ewd-ufaq-hidden' id='ufaq-body-ChS-413-2'><div class='ewd-ufaq-post-margin ufaq-faq-post' id='ufaq-post-413'><p>Si tenemos ma\u00edz Virginiano Sabor y olor a manzana. Hay tambi\u00e9n virginiano 16, 18 y 20 para diferentes manejos.<\/p>\n<\/div><div class='ufaq-faq-categories' id='ufaq-categories-413'>Category: <a  href='\/index.php\/wp-json\/wp\/v2\/pages\/432?include_category=fauna-silvestre'>Fauna Silvestre<\/a><\/div><div class='ufaq-permalink'><a href='https:\/\/forrajeraelizondo.com\/index.php\/faqs-fauna-silvestre\/?Display_FAQ=413'>Permalink<div class='ufaq-permalink-image'><\/div><\/a><\/div><\/div><\/div><div class='ufaq-faq-div ufaq-faq-column-count-One ufaq-faq-responsive-columns- ufaq-faq-display-style-Default' id='ufaq-post-ChS-412-3' data-postid='ChS-412-3'><div class='ufaq-faq-title ufaq-faq-toggle' id='ufaq-title-412' data-postid='ChS-412-3'><a class='ewd-ufaq-post-margin'  href='https:\/\/forrajeraelizondo.com\/index.php\/ufaqs\/tiene-algun-mineral-en-block-para-los-venados\/'><div class='ewd-ufaq-post-margin-symbol ' id='ewd-ufaq-post-margin-symbol-ChS-412-3'><span id='ewd-ufaq-post-symbol-ChS-412-3'>a<\/span><\/div><div class='ufaq-faq-title-text'><h4>\u00bfTiene alg\u00fan mineral en block para los venados?<\/h4><\/div><div class='ewd-ufaq-clear'><\/div><\/a><\/div><div class='ufaq-faq-body ufaq-body-412 ewd-ufaq-hidden' id='ufaq-body-ChS-412-3'><div class='ewd-ufaq-post-margin ufaq-faq-post' id='ufaq-post-412'><p>Si el Fauna Block 20 con un 20% de prote\u00edna complementado con Calcio y F\u00f3sforo.<br \/>\nEl FAUNA BLOCK 20  es un producto recomendado para suplementar la dieta normal de los venados, este producto puede ser consumido tambi\u00e9n por otras especies de animales silvestres rumiantes y no rumiantes as\u00ed como aves de caza, se recomienda suplementar con el FAUNA BLOCK 20  todo el a\u00f1o; d\u00e1ndole mayor importancia a los meses comprendidos entre septiembre y febrero, as\u00ed como en \u00e9pocas de sequ\u00eda.<\/p>\n<\/div><div class='ufaq-faq-categories' id='ufaq-categories-412'>Category: <a  href='\/index.php\/wp-json\/wp\/v2\/pages\/432?include_category=fauna-silvestre'>Fauna Silvestre<\/a><\/div><div class='ufaq-permalink'><a href='https:\/\/forrajeraelizondo.com\/index.php\/faqs-fauna-silvestre\/?Display_FAQ=412'>Permalink<div class='ufaq-permalink-image'><\/div><\/a><\/div><\/div><\/div><div class='ufaq-faq-div ufaq-faq-column-count-One ufaq-faq-responsive-columns- ufaq-faq-display-style-Default' id='ufaq-post-ChS-411-4' data-postid='ChS-411-4'><div class='ufaq-faq-title ufaq-faq-toggle' id='ufaq-title-411' data-postid='ChS-411-4'><a class='ewd-ufaq-post-margin'  href='https:\/\/forrajeraelizondo.com\/index.php\/ufaqs\/necesito-mineral-para-poner-en-los-aguajes-pero-cuando-llueve-se-moja-el-polvo-se-moja-que-me-recomiendan\/'><div class='ewd-ufaq-post-margin-symbol ' id='ewd-ufaq-post-margin-symbol-ChS-411-4'><span id='ewd-ufaq-post-symbol-ChS-411-4'>a<\/span><\/div><div class='ufaq-faq-title-text'><h4>Necesito mineral para poner en los aguajes pero cuando llueve se moja el polvo se moja \u00bfQu\u00e9 me recomiendan?<\/h4><\/div><div class='ewd-ufaq-clear'><\/div><\/a><\/div><div class='ufaq-faq-body ufaq-body-411 ewd-ufaq-hidden' id='ufaq-body-ChS-411-4'><div class='ewd-ufaq-post-margin ufaq-faq-post' id='ufaq-post-411'><p>Block Compensador Virginiano<br \/>\nCOMPENSADOR VIRGINIANO, se recomienda utilizar durante todo el a\u00f1o, en especial en las \u00e9pocas de sequ\u00eda as\u00ed como en la \u00e9poca de reproducci\u00f3n. Suministrar este suplemento a libre acceso, buscando consumos no menores de 20 grs.\/animal adulto\/d\u00eda.<\/p>\n<\/div><div class='ufaq-faq-categories' id='ufaq-categories-411'>Category: <a  href='\/index.php\/wp-json\/wp\/v2\/pages\/432?include_category=fauna-silvestre'>Fauna Silvestre<\/a><\/div><div class='ufaq-permalink'><a href='https:\/\/forrajeraelizondo.com\/index.php\/faqs-fauna-silvestre\/?Display_FAQ=411'>Permalink<div class='ufaq-permalink-image'><\/div><\/a><\/div><\/div><\/div><div class='ufaq-faq-div ufaq-faq-column-count-One ufaq-faq-responsive-columns- ufaq-faq-display-style-Default' id='ufaq-post-ChS-410-5' data-postid='ChS-410-5'><div class='ufaq-faq-title ufaq-faq-toggle' id='ufaq-title-410' data-postid='ChS-410-5'><a class='ewd-ufaq-post-margin'  href='https:\/\/forrajeraelizondo.com\/index.php\/ufaqs\/tengo-muchas-garrapatas-en-el-rancho-y-quiero-desparasitar-que-me-recomiendan\/'><div class='ewd-ufaq-post-margin-symbol ' id='ewd-ufaq-post-margin-symbol-ChS-410-5'><span id='ewd-ufaq-post-symbol-ChS-410-5'>a<\/span><\/div><div class='ufaq-faq-title-text'><h4>Tengo muchas garrapatas en el Rancho y quiero desparasitar, \u00bfQu\u00e9 me  recomiendan?<\/h4><\/div><div class='ewd-ufaq-clear'><\/div><\/a><\/div><div class='ufaq-faq-body ufaq-body-410 ewd-ufaq-hidden' id='ufaq-body-ChS-410-5'><div class='ewd-ufaq-post-margin ufaq-faq-post' id='ufaq-post-410'><p>Virginaino 18  con Dectiver premix<br \/>\nVIRGINIANO 18 a venados (o c\u00e9rvidos en general)  en desarrollo y machos en reproducci\u00f3n en agostaderos a libre acceso. Los consumos pudieran variar dependiendo de la \u00e9poca del a\u00f1o, peso de los animales, estado fisiol\u00f3gico, calidad de el forraje y otros factores. Virginiano 18 puede ser utilizado en venados (o c\u00e9rvidos en general) confinados administrando adem\u00e1s suficiente forraje de buena calidad. Mantenga agua limpia y fresca todo el tiempo.<\/p>\n<\/div><div class='ufaq-faq-categories' id='ufaq-categories-410'>Category: <a  href='\/index.php\/wp-json\/wp\/v2\/pages\/432?include_category=fauna-silvestre'>Fauna Silvestre<\/a><\/div><div class='ufaq-permalink'><a href='https:\/\/forrajeraelizondo.com\/index.php\/faqs-fauna-silvestre\/?Display_FAQ=410'>Permalink<div class='ufaq-permalink-image'><\/div><\/a><\/div><\/div><\/div><div class='ufaq-faq-div ufaq-faq-column-count-One ufaq-faq-responsive-columns- ufaq-faq-display-style-Default' id='ufaq-post-ChS-409-6' data-postid='ChS-409-6'><div class='ufaq-faq-title ufaq-faq-toggle' id='ufaq-title-409' data-postid='ChS-409-6'><a class='ewd-ufaq-post-margin'  href='https:\/\/forrajeraelizondo.com\/index.php\/ufaqs\/tengo-que-dar-alimento-con-una-proteina-alta-para-los-venados-y-minerales-por-que-los-venados-los-ocupan-para-las-astas-que-me-recomiendan\/'><div class='ewd-ufaq-post-margin-symbol ' id='ewd-ufaq-post-margin-symbol-ChS-409-6'><span id='ewd-ufaq-post-symbol-ChS-409-6'>a<\/span><\/div><div class='ufaq-faq-title-text'><h4>Tengo que dar alimento con una prote\u00edna alta para los venados y minerales, por que los venados los ocupan para las astas, \u00bfQu\u00e9 me  recomiendan?<\/h4><\/div><div class='ewd-ufaq-clear'><\/div><\/a><\/div><div class='ufaq-faq-body ufaq-body-409 ewd-ufaq-hidden' id='ufaq-body-ChS-409-6'><div class='ewd-ufaq-post-margin ufaq-faq-post' id='ufaq-post-409'><p>VIRGINIANO 20 a venados (o c\u00e9rvidos en general) lactantes en agostaderos a libre acceso. Los consumos pudieran variar  dependiendo de la \u00e9poca del a\u00f1o, peso de los animales,  estado fisiol\u00f3gico, calidad del forraje y otros factores. VIRGINIANO 20 puede ser utilizado en venados (o c\u00e9rvidos en general)  confinados administrando adem\u00e1s suficiente forraje de buena calidad. Mantenga agua limpia y fresca todo el tiempo.<br \/>\n y Compensador Virginiano polvo. Es un suplemento completo con 8% de f\u00f3sforo, macro y microminerales, as\u00ed como vitaminas. Formulado especialmente para maximizar el potencial de los venados en el noreste de M\u00e9xico, utilizando ingredientes de alta biodisponibilidad para obtener los mejores resultados.<\/p>\n<\/div><div class='ufaq-faq-categories' id='ufaq-categories-409'>Category: <a  href='\/index.php\/wp-json\/wp\/v2\/pages\/432?include_category=fauna-silvestre'>Fauna Silvestre<\/a><\/div><div class='ufaq-permalink'><a href='https:\/\/forrajeraelizondo.com\/index.php\/faqs-fauna-silvestre\/?Display_FAQ=409'>Permalink<div class='ufaq-permalink-image'><\/div><\/a><\/div><\/div><\/div><div class='ufaq-faq-div ufaq-faq-column-count-One ufaq-faq-responsive-columns- ufaq-faq-display-style-Default' id='ufaq-post-ChS-408-7' data-postid='ChS-408-7'><div class='ufaq-faq-title ufaq-faq-toggle' id='ufaq-title-408' data-postid='ChS-408-7'><a class='ewd-ufaq-post-margin'  href='https:\/\/forrajeraelizondo.com\/index.php\/ufaqs\/en-los-aguajes-pongo-blocks-de-sal-pero-los-venados-en-abril-necesitan-mas-proteina-que-me-recomiendan\/'><div class='ewd-ufaq-post-margin-symbol ' id='ewd-ufaq-post-margin-symbol-ChS-408-7'><span id='ewd-ufaq-post-symbol-ChS-408-7'>a<\/span><\/div><div class='ufaq-faq-title-text'><h4>En los aguajes pongo blocks de sal pero los venados en abril necesitan mas prote\u00edna \u00bfQu\u00e9 me recomiendan?<\/h4><\/div><div class='ewd-ufaq-clear'><\/div><\/a><\/div><div class='ufaq-faq-body ufaq-body-408 ewd-ufaq-hidden' id='ufaq-body-ChS-408-7'><div class='ewd-ufaq-post-margin ufaq-faq-post' id='ufaq-post-408'><p>FAUNA BLOCK 20  es un producto recomendado para suplementar la dieta normal de los venados, este producto puede ser consumido tambi\u00e9n por otras especies de animales silvestres rumiantes y no rumiantes as\u00ed como aves de caza, se recomienda suplementar con el FAUNA BLOCK 20  todo el a\u00f1o; d\u00e1ndole mayor importancia a los meses comprendidos entre septiembre y febrero, as\u00ed como en \u00e9pocas de sequ\u00eda.<\/p>\n<\/div><div class='ufaq-faq-categories' id='ufaq-categories-408'>Category: <a  href='\/index.php\/wp-json\/wp\/v2\/pages\/432?include_category=fauna-silvestre'>Fauna Silvestre<\/a><\/div><div class='ufaq-permalink'><a href='https:\/\/forrajeraelizondo.com\/index.php\/faqs-fauna-silvestre\/?Display_FAQ=408'>Permalink<div class='ufaq-permalink-image'><\/div><\/a><\/div><\/div><\/div><div class='ufaq-faq-div ufaq-faq-column-count-One ufaq-faq-responsive-columns- ufaq-faq-display-style-Default' id='ufaq-post-ChS-407-8' data-postid='ChS-407-8'><div class='ufaq-faq-title ufaq-faq-toggle' id='ufaq-title-407' data-postid='ChS-407-8'><a class='ewd-ufaq-post-margin'  href='https:\/\/forrajeraelizondo.com\/index.php\/ufaqs\/tengo-unos-venado-y-tengo-poco-forraje-y-quiero-complementar-con-un-alimento-los-tengo-confinados-que-me-recomiendan\/'><div class='ewd-ufaq-post-margin-symbol ' id='ewd-ufaq-post-margin-symbol-ChS-407-8'><span id='ewd-ufaq-post-symbol-ChS-407-8'>a<\/span><\/div><div class='ufaq-faq-title-text'><h4>Tengo unos venado y tengo poco forraje y quiero complementar con un alimento, los tengo confinados, \u00bfQu\u00e9 me  recomiendan?<\/h4><\/div><div class='ewd-ufaq-clear'><\/div><\/a><\/div><div class='ufaq-faq-body ufaq-body-407 ewd-ufaq-hidden' id='ufaq-body-ChS-407-8'><div class='ewd-ufaq-post-margin ufaq-faq-post' id='ufaq-post-407'><p>Le podemos Suministrar VIRGINIANO 18 a venados (o c\u00e9rvidos en general)  en desarrollo y machos en reproducci\u00f3n en agostaderos a libre acceso. Los consumos pudieran variar dependiendo de la \u00e9poca del a\u00f1o, peso de los animales, estado fisiol\u00f3gico, calidad del forraje y otros factores. Virginiano 18 puede ser utilizado en venados (o c\u00e9rvidos en general) confinados administrando adem\u00e1s suficiente forraje de buena calidad. Mantenga agua limpia y fresca todo el tiempo.<\/p>\n<\/div><div class='ufaq-faq-categories' id='ufaq-categories-407'>Category: <a  href='\/index.php\/wp-json\/wp\/v2\/pages\/432?include_category=fauna-silvestre'>Fauna Silvestre<\/a><\/div><div class='ufaq-permalink'><a href='https:\/\/forrajeraelizondo.com\/index.php\/faqs-fauna-silvestre\/?Display_FAQ=407'>Permalink<div class='ufaq-permalink-image'><\/div><\/a><\/div><\/div><\/div><\/div><\/div><\/div><\/div><div class='ewd-ufaq-bottom ewd-ufaq-page-type-Load_More' data-currentpage='0'><form><input type='hidden' name='include_category' value='fauna-silvestre' id='ufaq-include-category' \/><input type='hidden' name='exclude_category' value='' id='ufaq-exclude-category' \/><input type='hidden' name='orderby' value='date' id='ufaq-orderby' \/><input type='hidden' name='order' value='DESC' id='ufaq-order' \/><input type='hidden' name='post_count' value='-1' id='ufaq-post-count' \/><input type='hidden' name='current_url' value='\/index.php\/wp-json\/wp\/v2\/pages\/432' id='ufaq-current-url' \/><\/form><div class='ewd-ufaq-load-more ewd-ufaq-hidden'><h4>Load More<\/h4><\/div><\/div>[\/vc_column_text][\/vc_column][\/vc_row][vc_row][vc_column][vc_btn title=&#8221;Regresar &#8221; link=&#8221;url:http%3A%2F%2Fforrajeraelizondo.com%2Findex.php%2Ffauna-silvestre%2F|title:Fauna%20Silvestre||&#8221;][\/vc_column][\/vc_row]<\/p>\n","protected":false},"excerpt":{"rendered":"<p>[vc_row][vc_column][vc_column_text][\/vc_column_text][\/vc_column][\/vc_row][vc_row][vc_column][vc_btn title=&#8221;Regresar &#8221; link=&#8221;url:http%3A%2F%2Fforrajeraelizondo.com%2Findex.php%2Ffauna-silvestre%2F|title:Fauna%20Silvestre||&#8221;][\/vc_column][\/vc_row]<\/p>\n","protected":false},"author":1,"featured_media":0,"parent":0,"menu_order":0,"comment_status":"closed","ping_status":"closed","template":"","meta":[],"_links":{"self":[{"href":"https:\/\/forrajeraelizondo.com\/index.php\/wp-json\/wp\/v2\/pages\/432"}],"collection":[{"href":"https:\/\/forrajeraelizondo.com\/index.php\/wp-json\/wp\/v2\/pages"}],"about":[{"href":"https:\/\/forrajeraelizondo.com\/index.php\/wp-json\/wp\/v2\/types\/page"}],"author":[{"embeddable":true,"href":"https:\/\/forrajeraelizondo.com\/index.php\/wp-json\/wp\/v2\/users\/1"}],"replies":[{"embeddable":true,"href":"https:\/\/forrajeraelizondo.com\/index.php\/wp-json\/wp\/v2\/comments?post=432"}],"version-history":[{"count":2,"href":"https:\/\/forrajeraelizondo.com\/index.php\/wp-json\/wp\/v2\/pages\/432\/revisions"}],"predecessor-version":[{"id":480,"href":"https:\/\/forrajeraelizondo.com\/index.php\/wp-json\/wp\/v2\/pages\/432\/revisions\/480"}],"wp:attachment":[{"href":"https:\/\/forrajeraelizondo.com\/index.php\/wp-json\/wp\/v2\/media?parent=432"}],"curies":[{"name":"wp","href":"https:\/\/api.w.org\/{rel}","templated":true}]}}