{"id":1312,"date":"2020-09-29T13:58:31","date_gmt":"2020-09-29T13:58:31","guid":{"rendered":"https:\/\/forrajeraelizondo.com\/?page_id=1312"},"modified":"2020-09-29T15:33:00","modified_gmt":"2020-09-29T15:33:00","slug":"fertilizantes-areas-verdes-y-jardines","status":"publish","type":"page","link":"https:\/\/forrajeraelizondo.com\/index.php\/fertilizantes-areas-verdes-y-jardines\/","title":{"rendered":"Fertilizantes \u00c1reas Verdes"},"content":{"rendered":"<p>[vc_row][vc_column]<div id=\"ultimate-heading-167269e7a35461940\" class=\"uvc-heading ult-adjust-bottom-margin ultimate-heading-167269e7a35461940 uvc-8415  uvc-heading-default-font-sizes\" data-hspacer=\"line_only\"  data-halign=\"center\" style=\"text-align:center\"><div class=\"uvc-main-heading ult-responsive\"  data-ultimate-target='.uvc-heading.ultimate-heading-167269e7a35461940 h2'  data-responsive-json-new='{\"font-size\":\"\",\"line-height\":\"\"}' ><h2 style=\"--font-weight:theme;\">Fertilizantes \u00c1reas Verdes<\/h2><\/div><div class=\"uvc-heading-spacer line_only\" style=\"topheight:1px;\"><span class=\"uvc-headings-line\" style=\"border-style:solid;border-bottom-width:1px;border-color:#1e73be;width:autopx;\"><\/span><\/div><\/div>[vc_empty_space][\/vc_column][\/vc_row][vc_row][vc_column][vc_row_inner][vc_column_inner width=&#8221;1\/4&#8243;][vc_single_image image=&#8221;1321&#8243; img_size=&#8221;full&#8221;][\/vc_column_inner][vc_column_inner width=&#8221;1\/4&#8243; css=&#8221;.vc_custom_1601393529410{padding-top: 18px !important;}&#8221;][vc_column_text]<\/p>\n<p style=\"text-align: center;\">Le gustar\u00eda mantener siempre verde su jard\u00edn\u200b<\/p>\n<p>[\/vc_column_text][\/vc_column_inner][vc_column_inner width=&#8221;1\/4&#8243;][vc_single_image image=&#8221;1322&#8243; img_size=&#8221;full&#8221;][\/vc_column_inner][vc_column_inner width=&#8221;1\/4&#8243; css=&#8221;.vc_custom_1601393359724{padding-top: 10px !important;}&#8221;][vc_column_text]<\/p>\n<section id=\"comp-kf7s5qh7\" class=\"strc1\" data-responsive=\"true\" data-is-screen-width=\"true\" data-col-margin=\"0\" data-row-margin=\"0\">\n<div id=\"comp-kf7s5qh7inlineContent\" class=\"strc1inlineContent\">\n<div id=\"comp-kf7s5qir\" class=\"mc1\" data-content-width=\"245\" data-is-mesh=\"true\">\n<div id=\"comp-kf7s5qircontainer\" class=\"mc1container\">\n<div id=\"comp-kf7s5qirinlineContentParent\" class=\"mc1inlineContentParent\">\n<div id=\"comp-kf7s5qirinlineContent\" class=\"mc1inlineContent\">\n<div id=\"comp-kf7s5qirinlineContent-gridWrapper\" data-mesh-internal=\"true\">\n<div id=\"comp-kf7s5qirinlineContent-gridContainer\" data-mesh-internal=\"true\">\n<div id=\"comp-kf7s5qiw\" class=\"txtNew\" data-packed=\"true\" data-vertical-text=\"false\">\n<p class=\"font_8\" style=\"text-align: center;\">Requiere recuperar r\u00e1pidamente la apariencia de su c\u00e9sped por exceso de tr\u00e1fico<\/p>\n<\/div>\n<\/div>\n<\/div>\n<\/div>\n<\/div>\n<\/div>\n<\/div>\n<\/div>\n<\/section>\n<section id=\"comp-kf7s5qhi\" class=\"strc1\" data-responsive=\"true\" data-is-screen-width=\"true\" data-col-margin=\"0\" data-row-margin=\"0\">\n<div id=\"comp-kf7s5qhibalata\" class=\"strc1balata\" data-page-id=\"ktnso\" data-enable-video=\"true\" data-bg-effect-name=\"\" data-media-type=\"\" data-use-clip-path=\"\" data-needs-clipping=\"\" data-render-type=\"bolt\">\n<div id=\"comp-kf7s5qhibalatabgcolor\" class=\"bgColor\" style=\"text-align: center;\"><\/div>\n<\/div>\n<\/section>\n<p>[\/vc_column_text][\/vc_column_inner][\/vc_row_inner][vc_row_inner][vc_column_inner width=&#8221;1\/4&#8243;][vc_empty_space][vc_column_text]<\/p>\n<div id=\"comp-kf7s5qjg\" class=\"mc1\" data-content-width=\"245\" data-is-mesh=\"true\">\n<div id=\"comp-kf7s5qjgcontainer\" class=\"mc1container\">\n<div id=\"comp-kf7s5qjginlineContentParent\" class=\"mc1inlineContentParent\">\n<div id=\"comp-kf7s5qjginlineContent\" class=\"mc1inlineContent\">\n<div id=\"comp-kf7s5qjginlineContent-gridWrapper\" data-mesh-internal=\"true\">\n<div id=\"comp-kf7s5qjginlineContent-gridContainer\" data-mesh-internal=\"true\">\n<div id=\"comp-kf7s5qjl\" class=\"txtNew\" data-packed=\"true\" data-vertical-text=\"false\">\n<p class=\"font_8\" style=\"text-align: center;\">Necesita\u00a0fertilizar tus \u00e1reas verdes de Campos de Golf, Soccer, B\u00e9isbol etc<\/p>\n<\/div>\n<\/div>\n<\/div>\n<\/div>\n<\/div>\n<\/div>\n<\/div>\n<div id=\"comp-kf7s5qjq\" class=\"mc1\" data-content-width=\"245\" data-is-mesh=\"true\">\n<div id=\"comp-kf7s5qjqcontainer\" class=\"mc1container\">\n<div id=\"comp-kf7s5qjqbalata\" class=\"mc1balata\" data-page-id=\"ktnso\" data-enable-video=\"true\" data-bg-effect-name=\"\" data-media-type=\"Image\" data-use-clip-path=\"\" data-needs-clipping=\"\" data-render-type=\"bolt\">\n<div id=\"comp-kf7s5qjqbalatabgcolor\" class=\"bgColor\" style=\"text-align: center;\"><\/div>\n<\/div>\n<\/div>\n<\/div>\n<p>[\/vc_column_text][\/vc_column_inner][vc_column_inner width=&#8221;1\/4&#8243;][vc_single_image image=&#8221;1323&#8243; img_size=&#8221;full&#8221;][\/vc_column_inner][vc_column_inner width=&#8221;1\/4&#8243; css=&#8221;.vc_custom_1601393577966{padding-top: 25px !important;}&#8221;][vc_column_text]<\/p>\n<p style=\"text-align: center;\">Le gustar\u00eda mantener la buena apariencia de sus plantas y \u00e1rboles de ornato<\/p>\n<p>[\/vc_column_text][\/vc_column_inner][vc_column_inner width=&#8221;1\/4&#8243;][vc_single_image image=&#8221;1324&#8243; img_size=&#8221;full&#8221;][\/vc_column_inner][\/vc_row_inner][vc_empty_space height=&#8221;30px&#8221;][vc_separator border_width=&#8221;3&#8243;][\/vc_column][\/vc_row][vc_row][vc_column]<div id=\"ultimate-heading-893869e7a354619ac\" class=\"uvc-heading ult-adjust-bottom-margin ultimate-heading-893869e7a354619ac uvc-2184  uvc-heading-default-font-sizes\" data-hspacer=\"no_spacer\"  data-halign=\"center\" style=\"text-align:center\"><div class=\"uvc-heading-spacer no_spacer\" style=\"top\"><\/div><div class=\"uvc-main-heading ult-responsive\"  data-ultimate-target='.uvc-heading.ultimate-heading-893869e7a354619ac h2'  data-responsive-json-new='{\"font-size\":\"\",\"line-height\":\"\"}' ><h2 style=\"--font-weight:theme;\">Mant\u00e9n tus \u00e1reas verdes saludables y con gran apariencia en todo momento con los mejores fertilizantes.<\/h2><\/div><\/div>[\/vc_column][\/vc_row][vc_row][vc_column][vc_empty_space][\/vc_column][\/vc_row][vc_row][vc_column]<div class=\" ubtn-ctn-left radio\"><button type=\"button\" id=\"ubtn-9397\"  class=\"ubtn ult-adjust-bottom-margin ult-responsive ubtn-block ubtn-no-hover-bg  none  ubtn-left radio  tooltip-69e7a35461a00\"  data-hover=\"\" data-border-color=\"\" data-bg=\"#d8b300\" data-hover-bg=\"\" data-border-hover=\"\" data-shadow-hover=\"\" data-shadow-click=\"none\" data-shadow=\"\" data-shd-shadow=\"\"  data-ultimate-target='#ubtn-9397'  data-responsive-json-new='{\"font-size\":\"desktop:20px;\",\"line-height\":\"\"}'  style=\"font-weight:normal;border:none;background: #d8b300;color: #ffffff;\"><span class=\"ubtn-hover\" style=\"background-color:\"><\/span><span class=\"ubtn-data ubtn-text \" >En Forrajera Elizondo estamos para servirle<\/span><\/button><\/div>[vc_row_inner][vc_column_inner width=&#8221;1\/3&#8243;][vc_btn title=&#8221;LL\u00c1MANOS&#8221; align=&#8221;center&#8221; i_icon_fontawesome=&#8221;fas fa-phone-alt&#8221; add_icon=&#8221;true&#8221; link=&#8221;url:tel%3A8183862197|||&#8221;][\/vc_column_inner][vc_column_inner width=&#8221;1\/3&#8243;][vc_btn title=&#8221;CONT\u00c1CTANOS&#8221; align=&#8221;center&#8221; i_icon_fontawesome=&#8221;fas fa-envelope&#8221; add_icon=&#8221;true&#8221; link=&#8221;url:http%3A%2F%2Fforrajeraelizondo.com%2Findex.php%2Fcontacto%2F|||&#8221;][\/vc_column_inner][vc_column_inner width=&#8221;1\/3&#8243;][vc_btn title=&#8221;PREGUNTAS&#8221; align=&#8221;center&#8221; i_icon_fontawesome=&#8221;fas fa-question-circle&#8221; add_icon=&#8221;true&#8221;][\/vc_column_inner][\/vc_row_inner][\/vc_column][\/vc_row][vc_row][vc_column]<div class=\"dt-fancy-separator h2-size\" style=\"width: 100%;\"><div class=\"dt-fancy-title\" style=\"color: #0c0c0c;\"><span class=\"separator-holder separator-left\"><\/span>Nuestros Productos<span class=\"separator-holder separator-right\"><\/span><\/div><\/div>[\/vc_column][\/vc_row][vc_row][vc_column width=&#8221;1\/4&#8243;][vc_single_image image=&#8221;597&#8243; img_size=&#8221;full&#8221; alignment=&#8221;center&#8221; onclick=&#8221;custom_link&#8221; link=&#8221;http:\/\/forrajeraelizondo.com\/index.php\/materias-primas\/&#8221;][vc_column_text]<\/p>\n<h4 style=\"text-align: center;\"><a href=\"http:\/\/forrajeraelizondo.com\/index.php\/materias-primas\/\">Materias Primas<\/a><\/h4>\n<p>[\/vc_column_text][\/vc_column][vc_column width=&#8221;1\/4&#8243;][vc_single_image image=&#8221;610&#8243; img_size=&#8221;full&#8221; alignment=&#8221;center&#8221; onclick=&#8221;custom_link&#8221; link=&#8221;http:\/\/forrajeraelizondo.com\/index.php\/alimentos-sub-menu\/&#8221;][vc_column_text]<\/p>\n<h4 style=\"text-align: center;\"><a href=\"http:\/\/forrajeraelizondo.com\/index.php\/alimentos-sub-menu\/\"><strong>Alimentos<\/strong><\/a><\/h4>\n<p>[\/vc_column_text][\/vc_column][vc_column width=&#8221;1\/4&#8243;][vc_single_image image=&#8221;609&#8243; img_size=&#8221;full&#8221; alignment=&#8221;center&#8221; onclick=&#8221;custom_link&#8221; link=&#8221;http:\/\/forrajeraelizondo.com\/index.php\/mascotas\/&#8221;][vc_column_text]<\/p>\n<h4 style=\"text-align: center;\"><a href=\"http:\/\/forrajeraelizondo.com\/index.php\/mascotas\/\">Mascotas<\/a><\/h4>\n<p>[\/vc_column_text][\/vc_column][vc_column width=&#8221;1\/4&#8243;][vc_single_image image=&#8221;591&#8243; img_size=&#8221;full&#8221; alignment=&#8221;center&#8221; onclick=&#8221;custom_link&#8221; link=&#8221;http:\/\/forrajeraelizondo.com\/index.php\/semillas-agricolas\/&#8221;][vc_column_text]<\/p>\n<h4 style=\"text-align: center;\"><a href=\"http:\/\/forrajeraelizondo.com\/index.php\/semillas-agricolas\/\">Semillas<\/a><\/h4>\n<p>[\/vc_column_text][\/vc_column][\/vc_row][vc_row][vc_column][vc_empty_space][\/vc_column][\/vc_row][vc_row][vc_column width=&#8221;1\/4&#8243;][vc_single_image image=&#8221;592&#8243; img_size=&#8221;full&#8221; alignment=&#8221;center&#8221; onclick=&#8221;custom_link&#8221; link=&#8221;http:\/\/forrajeraelizondo.com\/index.php\/fertilizantes-agricolas\/&#8221;][vc_column_text]<\/p>\n<h4 style=\"text-align: center;\"><a href=\"http:\/\/forrajeraelizondo.com\/index.php\/fertilizantes-agricolas\/\">Fertilizantes<\/a><\/h4>\n<p>[\/vc_column_text][\/vc_column][vc_column width=&#8221;1\/4&#8243;][vc_single_image image=&#8221;593&#8243; img_size=&#8221;full&#8221; alignment=&#8221;center&#8221; onclick=&#8221;custom_link&#8221; link=&#8221;http:\/\/forrajeraelizondo.com\/index.php\/plagicidas-agricolas\/&#8221;][vc_column_text]<\/p>\n<h4 style=\"text-align: center;\"><a href=\"http:\/\/forrajeraelizondo.com\/index.php\/plagicidas-agricolas\/\">Plagicidas<\/a><\/h4>\n<p>[\/vc_column_text][\/vc_column][vc_column width=&#8221;1\/4&#8243;][vc_single_image image=&#8221;594&#8243; img_size=&#8221;full&#8221; alignment=&#8221;center&#8221; onclick=&#8221;custom_link&#8221; link=&#8221;http:\/\/forrajeraelizondo.com\/index.php\/articulos-para-caballo\/&#8221;][vc_column_text]<\/p>\n<h4 style=\"text-align: center;\"><a href=\"http:\/\/forrajeraelizondo.com\/index.php\/farmacia-veterinaria\/\">Farmacia<\/a><\/h4>\n<p>[\/vc_column_text][\/vc_column][vc_column width=&#8221;1\/4&#8243;][vc_single_image image=&#8221;608&#8243; img_size=&#8221;full&#8221; alignment=&#8221;center&#8221; onclick=&#8221;custom_link&#8221; link=&#8221;http:\/\/forrajeraelizondo.com\/index.php\/articulos-para-caballo\/&#8221;][vc_column_text]<\/p>\n<h4 style=\"text-align: center;\"><a href=\"http:\/\/forrajeraelizondo.com\/index.php\/articulos-para-caballo\/\">Accesorios<\/a><\/h4>\n<p>[\/vc_column_text][\/vc_column][\/vc_row]<\/p>\n","protected":false},"excerpt":{"rendered":"<p>[vc_row][vc_column][vc_empty_space][\/vc_column][\/vc_row][vc_row][vc_column][vc_row_inner][vc_column_inner width=&#8221;1\/4&#8243;][vc_single_image image=&#8221;1321&#8243; img_size=&#8221;full&#8221;][\/vc_column_inner][vc_column_inner width=&#8221;1\/4&#8243; css=&#8221;.vc_custom_1601393529410{padding-top: 18px !important;}&#8221;][vc_column_text] Le gustar\u00eda mantener siempre verde su jard\u00edn\u200b [\/vc_column_text][\/vc_column_inner][vc_column_inner width=&#8221;1\/4&#8243;][vc_single_image image=&#8221;1322&#8243; img_size=&#8221;full&#8221;][\/vc_column_inner][vc_column_inner width=&#8221;1\/4&#8243; css=&#8221;.vc_custom_1601393359724{padding-top: 10px !important;}&#8221;][vc_column_text] Requiere recuperar r\u00e1pidamente la apariencia de su c\u00e9sped por exceso de tr\u00e1fico [\/vc_column_text][\/vc_column_inner][\/vc_row_inner][vc_row_inner][vc_column_inner width=&#8221;1\/4&#8243;][vc_empty_space][vc_column_text] Necesita\u00a0fertilizar tus \u00e1reas verdes de Campos de Golf, Soccer, B\u00e9isbol etc [\/vc_column_text][\/vc_column_inner][vc_column_inner width=&#8221;1\/4&#8243;][vc_single_image image=&#8221;1323&#8243; img_size=&#8221;full&#8221;][\/vc_column_inner][vc_column_inner width=&#8221;1\/4&#8243; css=&#8221;.vc_custom_1601393577966{padding-top: 25px&hellip;<\/p>\n","protected":false},"author":1,"featured_media":0,"parent":0,"menu_order":0,"comment_status":"closed","ping_status":"closed","template":"","meta":[],"_links":{"self":[{"href":"https:\/\/forrajeraelizondo.com\/index.php\/wp-json\/wp\/v2\/pages\/1312"}],"collection":[{"href":"https:\/\/forrajeraelizondo.com\/index.php\/wp-json\/wp\/v2\/pages"}],"about":[{"href":"https:\/\/forrajeraelizondo.com\/index.php\/wp-json\/wp\/v2\/types\/page"}],"author":[{"embeddable":true,"href":"https:\/\/forrajeraelizondo.com\/index.php\/wp-json\/wp\/v2\/users\/1"}],"replies":[{"embeddable":true,"href":"https:\/\/forrajeraelizondo.com\/index.php\/wp-json\/wp\/v2\/comments?post=1312"}],"version-history":[{"count":12,"href":"https:\/\/forrajeraelizondo.com\/index.php\/wp-json\/wp\/v2\/pages\/1312\/revisions"}],"predecessor-version":[{"id":1389,"href":"https:\/\/forrajeraelizondo.com\/index.php\/wp-json\/wp\/v2\/pages\/1312\/revisions\/1389"}],"wp:attachment":[{"href":"https:\/\/forrajeraelizondo.com\/index.php\/wp-json\/wp\/v2\/media?parent=1312"}],"curies":[{"name":"wp","href":"https:\/\/api.w.org\/{rel}","templated":true}]}}