{"id":1231,"date":"2020-09-25T15:10:37","date_gmt":"2020-09-25T15:10:37","guid":{"rendered":"https:\/\/forrajeraelizondo.com\/?page_id=1231"},"modified":"2020-09-29T14:27:21","modified_gmt":"2020-09-29T14:27:21","slug":"semillas-agricolas","status":"publish","type":"page","link":"https:\/\/forrajeraelizondo.com\/index.php\/semillas-agricolas\/","title":{"rendered":"Semillas Agr\u00edcolas"},"content":{"rendered":"<p>[vc_row][vc_column]<div id=\"ultimate-heading-541369de279830975\" class=\"uvc-heading ult-adjust-bottom-margin ultimate-heading-541369de279830975 uvc-2950  uvc-heading-default-font-sizes\" data-hspacer=\"line_only\"  data-halign=\"center\" style=\"text-align:center\"><div class=\"uvc-main-heading ult-responsive\"  data-ultimate-target='.uvc-heading.ultimate-heading-541369de279830975 h2'  data-responsive-json-new='{\"font-size\":\"\",\"line-height\":\"\"}' ><h2 style=\"--font-weight:theme;\">Semillas Agr\u00edcolas<\/h2><\/div><div class=\"uvc-heading-spacer line_only\" style=\"topheight:1px;\"><span class=\"uvc-headings-line\" style=\"border-style:solid;border-bottom-width:1px;border-color:#1e73be;width:autopx;\"><\/span><\/div><\/div>[vc_empty_space][\/vc_column][\/vc_row][vc_row][vc_column][vc_row_inner][vc_column_inner width=&#8221;1\/5&#8243;][vc_single_image image=&#8221;1236&#8243; img_size=&#8221;full&#8221;][\/vc_column_inner][vc_column_inner width=&#8221;1\/5&#8243;][vc_column_text]<\/p>\n<p>&nbsp;<\/p>\n<p style=\"text-align: center;\">Est\u00e1 buscando incrementar la relaci\u00f3n cantidad y calidad de su producci\u00f3n agr\u00edcola.\u200b<\/p>\n<p>[\/vc_column_text][\/vc_column_inner][vc_column_inner width=&#8221;1\/5&#8243;][vc_single_image image=&#8221;1237&#8243; img_size=&#8221;full&#8221;][\/vc_column_inner][vc_column_inner width=&#8221;1\/5&#8243;][vc_column_text]<\/p>\n<p>&nbsp;<\/p>\n<p>&nbsp;<\/p>\n<p style=\"text-align: center;\">Requiere de diferentes opciones para pastos forrajeros.\u200b<\/p>\n<p>[\/vc_column_text][\/vc_column_inner][vc_column_inner width=&#8221;1\/5&#8243;][vc_single_image image=&#8221;1330&#8243; img_size=&#8221;full&#8221;][\/vc_column_inner][\/vc_row_inner][vc_row_inner][vc_column_inner width=&#8221;1\/5&#8243;][vc_empty_space][vc_column_text]<\/p>\n<p>&nbsp;<\/p>\n<p style=\"text-align: center;\">Requiere diferentes opciones de ciclos para su cultivo.\u200b<\/p>\n<p>[\/vc_column_text][\/vc_column_inner][vc_column_inner width=&#8221;1\/5&#8243;][vc_single_image image=&#8221;1238&#8243; img_size=&#8221;full&#8221;][\/vc_column_inner][vc_column_inner width=&#8221;1\/5&#8243;][vc_column_text]<\/p>\n<p>&nbsp;<\/p>\n<p>&nbsp;<\/p>\n<p>&nbsp;<\/p>\n<p style=\"text-align: center;\">Necesitas sorgos precoces.\u200b<\/p>\n<p>[\/vc_column_text][\/vc_column_inner][vc_column_inner width=&#8221;1\/5&#8243;][vc_single_image image=&#8221;1239&#8243; img_size=&#8221;full&#8221;][\/vc_column_inner][vc_column_inner width=&#8221;1\/5&#8243;][vc_column_text]<\/p>\n<p>&nbsp;<\/p>\n<p style=\"text-align: center;\">Le gustar\u00eda incrementar la rentabilidad de su cosecha, con semillas de alto rendimiento.\u200b<\/p>\n<p>[\/vc_column_text][\/vc_column_inner][\/vc_row_inner][vc_empty_space height=&#8221;30px&#8221;][vc_separator border_width=&#8221;3&#8243;][\/vc_column][\/vc_row][vc_row][vc_column]<div id=\"ultimate-heading-676069de2798309dd\" class=\"uvc-heading ult-adjust-bottom-margin ultimate-heading-676069de2798309dd uvc-3914  uvc-heading-default-font-sizes\" data-hspacer=\"no_spacer\"  data-halign=\"center\" style=\"text-align:center\"><div class=\"uvc-heading-spacer no_spacer\" style=\"top\"><\/div><div class=\"uvc-main-heading ult-responsive\"  data-ultimate-target='.uvc-heading.ultimate-heading-676069de2798309dd h1'  data-responsive-json-new='{\"font-size\":\"\",\"line-height\":\"\"}' ><h1 style=\"--font-weight:theme;\">Forrajeros<\/h1><\/div><\/div>[vc_empty_space][vc_row_inner][vc_column_inner width=&#8221;1\/4&#8243;][vc_single_image image=&#8221;1241&#8243; img_size=&#8221;230&#215;230&#8243; alignment=&#8221;center&#8221;][vc_column_text]<\/p>\n<div id=\"comp-kec6viwf\" class=\"txtNew\" data-packed=\"true\" data-vertical-text=\"false\">\n<h2 class=\"font_2\" style=\"text-align: center;\">Sorgo x Zacate Sudan<\/h2>\n<\/div>\n<div id=\"comp-kec7juow\" class=\"txtNew\" style=\"text-align: center;\" data-packed=\"true\" data-vertical-text=\"false\"><\/div>\n<p>[\/vc_column_text][\/vc_column_inner][vc_column_inner width=&#8221;1\/4&#8243;][vc_single_image image=&#8221;1245&#8243; img_size=&#8221;230&#215;230&#8243; alignment=&#8221;center&#8221;][vc_column_text]<\/p>\n<div id=\"comp-kec6w3ki\" class=\"txtNew\" data-packed=\"true\" data-vertical-text=\"false\">\n<h2 class=\"font_2\" style=\"text-align: center;\">Ma\u00edz Quebrado<\/h2>\n<\/div>\n<div id=\"comp-kec7jupe\" class=\"txtNew\" style=\"text-align: center;\" data-packed=\"true\" data-vertical-text=\"false\"><\/div>\n<p>[\/vc_column_text][\/vc_column_inner][vc_column_inner width=&#8221;1\/4&#8243;][vc_single_image image=&#8221;1246&#8243; img_size=&#8221;230&#215;230&#8243; alignment=&#8221;center&#8221;][vc_column_text]<\/p>\n<div id=\"comp-kec6wqwc\" class=\"txtNew\" data-packed=\"true\" data-vertical-text=\"false\">\n<h2 class=\"font_2\" style=\"text-align: center;\">Pipper<\/h2>\n<\/div>\n<div id=\"comp-kec7juph1\" class=\"txtNew\" style=\"text-align: center;\" data-packed=\"true\" data-vertical-text=\"false\"><\/div>\n<p>[\/vc_column_text][\/vc_column_inner][vc_column_inner width=&#8221;1\/4&#8243;][vc_single_image image=&#8221;1247&#8243; img_size=&#8221;230&#215;230&#8243; alignment=&#8221;center&#8221;][vc_column_text]<\/p>\n<div id=\"comp-kec6viwf\" class=\"txtNew\" data-packed=\"true\" data-vertical-text=\"false\">\n<h2 class=\"font_2\" style=\"text-align: center;\">Avena<\/h2>\n<\/div>\n<div id=\"comp-kec7juow\" class=\"txtNew\" style=\"text-align: center;\" data-packed=\"true\" data-vertical-text=\"false\"><\/div>\n<p>[\/vc_column_text][\/vc_column_inner][\/vc_row_inner][vc_empty_space]<div id=\"ultimate-heading-976969de279830a45\" class=\"uvc-heading ult-adjust-bottom-margin ultimate-heading-976969de279830a45 uvc-6494  uvc-heading-default-font-sizes\" data-hspacer=\"no_spacer\"  data-halign=\"center\" style=\"text-align:center\"><div class=\"uvc-heading-spacer no_spacer\" style=\"top\"><\/div><div class=\"uvc-main-heading ult-responsive\"  data-ultimate-target='.uvc-heading.ultimate-heading-976969de279830a45 h1'  data-responsive-json-new='{\"font-size\":\"\",\"line-height\":\"\"}' ><h1 style=\"--font-weight:theme;\">Granos<\/h1><\/div><\/div>[vc_empty_space][vc_row_inner][vc_column_inner width=&#8221;1\/3&#8243;][vc_single_image image=&#8221;1250&#8243; img_size=&#8221;230&#215;230&#8243; alignment=&#8221;center&#8221;][vc_column_text]<\/p>\n<div id=\"comp-kec6viwf\" class=\"txtNew\" data-packed=\"true\" data-vertical-text=\"false\">\n<h2 class=\"font_2\" style=\"text-align: center;\">Sorgo<\/h2>\n<\/div>\n<div id=\"comp-kec7juow\" class=\"txtNew\" style=\"text-align: center;\" data-packed=\"true\" data-vertical-text=\"false\"><\/div>\n<p>[\/vc_column_text][\/vc_column_inner][vc_column_inner width=&#8221;1\/3&#8243;][vc_single_image image=&#8221;1251&#8243; img_size=&#8221;230&#215;230&#8243; alignment=&#8221;center&#8221;][vc_column_text]<\/p>\n<div id=\"comp-kec6w3ki\" class=\"txtNew\" data-packed=\"true\" data-vertical-text=\"false\">\n<h2 class=\"font_2\" style=\"text-align: center;\">Trigo<\/h2>\n<\/div>\n<div id=\"comp-kec7jupe\" class=\"txtNew\" style=\"text-align: center;\" data-packed=\"true\" data-vertical-text=\"false\"><\/div>\n<p>[\/vc_column_text][\/vc_column_inner][vc_column_inner width=&#8221;1\/3&#8243;][vc_single_image image=&#8221;1252&#8243; img_size=&#8221;230&#215;230&#8243; alignment=&#8221;center&#8221;][vc_column_text]<\/p>\n<div id=\"comp-kec6wqwc\" class=\"txtNew\" data-packed=\"true\" data-vertical-text=\"false\">\n<h2 class=\"font_2\" style=\"text-align: center;\">Ma\u00edz<\/h2>\n<\/div>\n<div id=\"comp-kec7juph1\" class=\"txtNew\" style=\"text-align: center;\" data-packed=\"true\" data-vertical-text=\"false\"><\/div>\n<p>[\/vc_column_text][\/vc_column_inner][\/vc_row_inner][vc_empty_space]<div id=\"ultimate-heading-850269de279830a8f\" class=\"uvc-heading ult-adjust-bottom-margin ultimate-heading-850269de279830a8f uvc-473  uvc-heading-default-font-sizes\" data-hspacer=\"no_spacer\"  data-halign=\"center\" style=\"text-align:center\"><div class=\"uvc-heading-spacer no_spacer\" style=\"top\"><\/div><div class=\"uvc-main-heading ult-responsive\"  data-ultimate-target='.uvc-heading.ultimate-heading-850269de279830a8f h1'  data-responsive-json-new='{\"font-size\":\"\",\"line-height\":\"\"}' ><h1 style=\"--font-weight:theme;\">Pastos<\/h1><\/div><\/div>[vc_row_inner][vc_column_inner width=&#8221;1\/4&#8243;][vc_single_image image=&#8221;1254&#8243; img_size=&#8221;230&#215;230&#8243; alignment=&#8221;center&#8221;][vc_column_text]<\/p>\n<div id=\"comp-kec6viwf\" class=\"txtNew\" data-packed=\"true\" data-vertical-text=\"false\">\n<h2 class=\"font_2\" style=\"text-align: center;\">Bermudas<\/h2>\n<\/div>\n<div id=\"comp-kec7juow\" class=\"txtNew\" style=\"text-align: center;\" data-packed=\"true\" data-vertical-text=\"false\"><\/div>\n<p>[\/vc_column_text][\/vc_column_inner][vc_column_inner width=&#8221;1\/4&#8243;][vc_single_image image=&#8221;1255&#8243; img_size=&#8221;230&#215;230&#8243; alignment=&#8221;center&#8221;][vc_column_text]<\/p>\n<div id=\"comp-kec6w3ki\" class=\"txtNew\" data-packed=\"true\" data-vertical-text=\"false\">\n<h2 class=\"font_2\" style=\"text-align: center;\">Rye Grass Anual<\/h2>\n<\/div>\n<div id=\"comp-kec7jupe\" class=\"txtNew\" style=\"text-align: center;\" data-packed=\"true\" data-vertical-text=\"false\"><\/div>\n<p>[\/vc_column_text][\/vc_column_inner][vc_column_inner width=&#8221;1\/4&#8243;][vc_single_image image=&#8221;1252&#8243; img_size=&#8221;230&#215;230&#8243; alignment=&#8221;center&#8221;][vc_column_text]<\/p>\n<div id=\"comp-kec6wqwc\" class=\"txtNew\" data-packed=\"true\" data-vertical-text=\"false\">\n<h2 class=\"font_2\" style=\"text-align: center;\">Alfalfa<\/h2>\n<\/div>\n<div id=\"comp-kec7juph1\" class=\"txtNew\" style=\"text-align: center;\" data-packed=\"true\" data-vertical-text=\"false\"><\/div>\n<p>[\/vc_column_text][\/vc_column_inner][vc_column_inner width=&#8221;1\/4&#8243;][vc_single_image image=&#8221;1257&#8243; img_size=&#8221;230&#215;230&#8243; alignment=&#8221;center&#8221;][vc_column_text]<\/p>\n<div id=\"comp-kec6viwf\" class=\"txtNew\" data-packed=\"true\" data-vertical-text=\"false\">\n<h2 class=\"font_2\" style=\"text-align: center;\">Buffel<\/h2>\n<\/div>\n<div id=\"comp-kec7juow\" class=\"txtNew\" style=\"text-align: center;\" data-packed=\"true\" data-vertical-text=\"false\"><\/div>\n<p>[\/vc_column_text][\/vc_column_inner][\/vc_row_inner][vc_row_inner][vc_column_inner width=&#8221;1\/4&#8243;][vc_single_image image=&#8221;1259&#8243; img_size=&#8221;230&#215;230&#8243; alignment=&#8221;center&#8221;][vc_column_text]<\/p>\n<div id=\"comp-kec6viwf\" class=\"txtNew\" data-packed=\"true\" data-vertical-text=\"false\">\n<h2 class=\"font_2\" style=\"text-align: center;\">Banderita<\/h2>\n<\/div>\n<div id=\"comp-kec7juow\" class=\"txtNew\" style=\"text-align: center;\" data-packed=\"true\" data-vertical-text=\"false\"><\/div>\n<p>[\/vc_column_text][\/vc_column_inner][vc_column_inner width=&#8221;1\/4&#8243;][vc_single_image image=&#8221;1328&#8243; img_size=&#8221;230&#215;230&#8243; alignment=&#8221;center&#8221;][vc_column_text]<\/p>\n<div id=\"comp-kec6w3ki\" class=\"txtNew\" data-packed=\"true\" data-vertical-text=\"false\">\n<h2 class=\"font_2\" style=\"text-align: center;\">Pretoria<\/h2>\n<\/div>\n<div id=\"comp-kec7jupe\" class=\"txtNew\" style=\"text-align: center;\" data-packed=\"true\" data-vertical-text=\"false\"><\/div>\n<p>[\/vc_column_text][\/vc_column_inner][vc_column_inner width=&#8221;1\/4&#8243;][vc_single_image image=&#8221;1258&#8243; img_size=&#8221;230&#215;230&#8243; alignment=&#8221;center&#8221;][vc_column_text]<\/p>\n<div id=\"comp-kec6wqwc\" class=\"txtNew\" data-packed=\"true\" data-vertical-text=\"false\">\n<h2 class=\"font_2\" style=\"text-align: center;\">Navajita<\/h2>\n<\/div>\n<div id=\"comp-kec7juph1\" class=\"txtNew\" style=\"text-align: center;\" data-packed=\"true\" data-vertical-text=\"false\"><\/div>\n<p>[\/vc_column_text][\/vc_column_inner][vc_column_inner width=&#8221;1\/4&#8243;][vc_single_image image=&#8221;1327&#8243; img_size=&#8221;230&#215;230&#8243; alignment=&#8221;center&#8221;][vc_column_text]<\/p>\n<div id=\"comp-kec6w3ki\" class=\"txtNew\" data-packed=\"true\" data-vertical-text=\"false\">\n<h2 class=\"font_2\" style=\"text-align: center;\">Brachiaria<\/h2>\n<\/div>\n<div id=\"comp-kec7jupe\" class=\"txtNew\" style=\"text-align: center;\" data-packed=\"true\" data-vertical-text=\"false\"><\/div>\n<p>[\/vc_column_text][\/vc_column_inner][\/vc_row_inner][vc_row_inner][vc_column_inner width=&#8221;1\/3&#8243;][\/vc_column_inner][vc_column_inner width=&#8221;1\/3&#8243;][\/vc_column_inner][\/vc_row_inner][vc_empty_space height=&#8221;10px&#8221;][\/vc_column][\/vc_row][vc_row][vc_column]<div class=\" ubtn-ctn-left radio\"><button type=\"button\" id=\"ubtn-1156\"  class=\"ubtn ult-adjust-bottom-margin ult-responsive ubtn-block ubtn-no-hover-bg  none  ubtn-left radio  tooltip-69de279830ae4\"  data-hover=\"\" data-border-color=\"\" data-bg=\"#d8b300\" data-hover-bg=\"\" data-border-hover=\"\" data-shadow-hover=\"\" data-shadow-click=\"none\" data-shadow=\"\" data-shd-shadow=\"\"  data-ultimate-target='#ubtn-1156'  data-responsive-json-new='{\"font-size\":\"desktop:20px;\",\"line-height\":\"\"}'  style=\"font-weight:normal;border:none;background: #d8b300;color: #ffffff;\"><span class=\"ubtn-hover\" style=\"background-color:\"><\/span><span class=\"ubtn-data ubtn-text \" >En Forrajera Elizondo estamos para servirle<\/span><\/button><\/div>[vc_row_inner][vc_column_inner width=&#8221;1\/3&#8243;][vc_btn title=&#8221;LL\u00c1MANOS&#8221; align=&#8221;center&#8221; i_icon_fontawesome=&#8221;fas fa-phone-alt&#8221; add_icon=&#8221;true&#8221; link=&#8221;url:tel%3A8183862197|||&#8221;][\/vc_column_inner][vc_column_inner width=&#8221;1\/3&#8243;][vc_btn title=&#8221;CONT\u00c1CTANOS&#8221; align=&#8221;center&#8221; i_icon_fontawesome=&#8221;fas fa-envelope&#8221; add_icon=&#8221;true&#8221; link=&#8221;url:http%3A%2F%2Fforrajeraelizondo.com%2Findex.php%2Fcontacto%2F|||&#8221;][\/vc_column_inner][vc_column_inner width=&#8221;1\/3&#8243;][vc_btn title=&#8221;PREGUNTAS&#8221; align=&#8221;center&#8221; i_icon_fontawesome=&#8221;fas fa-question-circle&#8221; add_icon=&#8221;true&#8221;][\/vc_column_inner][\/vc_row_inner][\/vc_column][\/vc_row][vc_row][vc_column]<div class=\"dt-fancy-separator h2-size\" style=\"width: 100%;\"><div class=\"dt-fancy-title\" style=\"color: #0c0c0c;\"><span class=\"separator-holder separator-left\"><\/span>Nuestros Productos<span class=\"separator-holder separator-right\"><\/span><\/div><\/div>[\/vc_column][\/vc_row][vc_row][vc_column width=&#8221;1\/4&#8243;][vc_single_image image=&#8221;597&#8243; img_size=&#8221;full&#8221; alignment=&#8221;center&#8221; onclick=&#8221;custom_link&#8221; link=&#8221;http:\/\/forrajeraelizondo.com\/index.php\/materias-primas\/&#8221;][vc_column_text]<\/p>\n<h4 style=\"text-align: center;\"><a href=\"http:\/\/forrajeraelizondo.com\/index.php\/materias-primas\/\">Materias Primas<\/a><\/h4>\n<p>[\/vc_column_text][\/vc_column][vc_column width=&#8221;1\/4&#8243;][vc_single_image image=&#8221;610&#8243; img_size=&#8221;full&#8221; alignment=&#8221;center&#8221; onclick=&#8221;custom_link&#8221; link=&#8221;http:\/\/forrajeraelizondo.com\/index.php\/alimentos-sub-menu\/&#8221;][vc_column_text]<\/p>\n<h4 style=\"text-align: center;\"><a href=\"http:\/\/forrajeraelizondo.com\/index.php\/alimentos-sub-menu\/\"><strong>Alimentos<\/strong><\/a><\/h4>\n<p>[\/vc_column_text][\/vc_column][vc_column width=&#8221;1\/4&#8243;][vc_single_image image=&#8221;609&#8243; img_size=&#8221;full&#8221; alignment=&#8221;center&#8221; onclick=&#8221;custom_link&#8221; link=&#8221;http:\/\/forrajeraelizondo.com\/index.php\/mascotas\/&#8221;][vc_column_text]<\/p>\n<h4 style=\"text-align: center;\"><a href=\"http:\/\/forrajeraelizondo.com\/index.php\/mascotas\/\">Mascotas<\/a><\/h4>\n<p>[\/vc_column_text][\/vc_column][vc_column width=&#8221;1\/4&#8243;][vc_single_image image=&#8221;591&#8243; img_size=&#8221;full&#8221; alignment=&#8221;center&#8221; onclick=&#8221;custom_link&#8221; link=&#8221;http:\/\/forrajeraelizondo.com\/index.php\/semillas-agricolas\/&#8221;][vc_column_text]<\/p>\n<h4 style=\"text-align: center;\"><a href=\"http:\/\/forrajeraelizondo.com\/index.php\/semillas-agricolas\/\">Semillas<\/a><\/h4>\n<p>[\/vc_column_text][\/vc_column][\/vc_row][vc_row][vc_column][vc_empty_space][\/vc_column][\/vc_row][vc_row][vc_column width=&#8221;1\/4&#8243;][vc_single_image image=&#8221;592&#8243; img_size=&#8221;full&#8221; alignment=&#8221;center&#8221; onclick=&#8221;custom_link&#8221; link=&#8221;http:\/\/forrajeraelizondo.com\/index.php\/fertilizantes-agricolas\/&#8221;][vc_column_text]<\/p>\n<h4 style=\"text-align: center;\"><a href=\"http:\/\/forrajeraelizondo.com\/index.php\/fertilizantes-agricolas\/\">Fertilizantes<\/a><\/h4>\n<p>[\/vc_column_text][\/vc_column][vc_column width=&#8221;1\/4&#8243;][vc_single_image image=&#8221;593&#8243; img_size=&#8221;full&#8221; alignment=&#8221;center&#8221; onclick=&#8221;custom_link&#8221; link=&#8221;http:\/\/forrajeraelizondo.com\/index.php\/plagicidas-agricolas\/&#8221;][vc_column_text]<\/p>\n<h4 style=\"text-align: center;\"><a href=\"http:\/\/forrajeraelizondo.com\/index.php\/plagicidas-agricolas\/\">Plagicidas<\/a><\/h4>\n<p>[\/vc_column_text][\/vc_column][vc_column width=&#8221;1\/4&#8243;][vc_single_image image=&#8221;594&#8243; img_size=&#8221;full&#8221; alignment=&#8221;center&#8221; onclick=&#8221;custom_link&#8221; link=&#8221;http:\/\/forrajeraelizondo.com\/index.php\/articulos-para-caballo\/&#8221;][vc_column_text]<\/p>\n<h4 style=\"text-align: center;\"><a href=\"http:\/\/forrajeraelizondo.com\/index.php\/farmacia-veterinaria\/\">Farmacia<\/a><\/h4>\n<p>[\/vc_column_text][\/vc_column][vc_column width=&#8221;1\/4&#8243;][vc_single_image image=&#8221;608&#8243; img_size=&#8221;full&#8221; alignment=&#8221;center&#8221; onclick=&#8221;custom_link&#8221; link=&#8221;http:\/\/forrajeraelizondo.com\/index.php\/articulos-para-caballo\/&#8221;][vc_column_text]<\/p>\n<h4 style=\"text-align: center;\"><a href=\"http:\/\/forrajeraelizondo.com\/index.php\/articulos-para-caballo\/\">Accesorios<\/a><\/h4>\n<p>[\/vc_column_text][\/vc_column][\/vc_row]<\/p>\n","protected":false},"excerpt":{"rendered":"<p>[vc_row][vc_column][vc_empty_space][\/vc_column][\/vc_row][vc_row][vc_column][vc_row_inner][vc_column_inner width=&#8221;1\/5&#8243;][vc_single_image image=&#8221;1236&#8243; img_size=&#8221;full&#8221;][\/vc_column_inner][vc_column_inner width=&#8221;1\/5&#8243;][vc_column_text] &nbsp; Est\u00e1 buscando incrementar la relaci\u00f3n cantidad y calidad de su producci\u00f3n agr\u00edcola.\u200b [\/vc_column_text][\/vc_column_inner][vc_column_inner width=&#8221;1\/5&#8243;][vc_single_image image=&#8221;1237&#8243; img_size=&#8221;full&#8221;][\/vc_column_inner][vc_column_inner width=&#8221;1\/5&#8243;][vc_column_text] &nbsp; &nbsp; Requiere de diferentes opciones para pastos forrajeros.\u200b [\/vc_column_text][\/vc_column_inner][vc_column_inner width=&#8221;1\/5&#8243;][vc_single_image image=&#8221;1330&#8243; img_size=&#8221;full&#8221;][\/vc_column_inner][\/vc_row_inner][vc_row_inner][vc_column_inner width=&#8221;1\/5&#8243;][vc_empty_space][vc_column_text] &nbsp; Requiere diferentes opciones de ciclos para su cultivo.\u200b [\/vc_column_text][\/vc_column_inner][vc_column_inner width=&#8221;1\/5&#8243;][vc_single_image image=&#8221;1238&#8243; img_size=&#8221;full&#8221;][\/vc_column_inner][vc_column_inner width=&#8221;1\/5&#8243;][vc_column_text] &nbsp; &nbsp; &nbsp; Necesitas&hellip;<\/p>\n","protected":false},"author":1,"featured_media":0,"parent":0,"menu_order":0,"comment_status":"closed","ping_status":"closed","template":"","meta":[],"_links":{"self":[{"href":"https:\/\/forrajeraelizondo.com\/index.php\/wp-json\/wp\/v2\/pages\/1231"}],"collection":[{"href":"https:\/\/forrajeraelizondo.com\/index.php\/wp-json\/wp\/v2\/pages"}],"about":[{"href":"https:\/\/forrajeraelizondo.com\/index.php\/wp-json\/wp\/v2\/types\/page"}],"author":[{"embeddable":true,"href":"https:\/\/forrajeraelizondo.com\/index.php\/wp-json\/wp\/v2\/users\/1"}],"replies":[{"embeddable":true,"href":"https:\/\/forrajeraelizondo.com\/index.php\/wp-json\/wp\/v2\/comments?post=1231"}],"version-history":[{"count":21,"href":"https:\/\/forrajeraelizondo.com\/index.php\/wp-json\/wp\/v2\/pages\/1231\/revisions"}],"predecessor-version":[{"id":1331,"href":"https:\/\/forrajeraelizondo.com\/index.php\/wp-json\/wp\/v2\/pages\/1231\/revisions\/1331"}],"wp:attachment":[{"href":"https:\/\/forrajeraelizondo.com\/index.php\/wp-json\/wp\/v2\/media?parent=1231"}],"curies":[{"name":"wp","href":"https:\/\/api.w.org\/{rel}","templated":true}]}}